{"id":848,"date":"2020-07-25T23:21:25","date_gmt":"2020-07-25T21:21:25","guid":{"rendered":"http:\/\/dyysg.fi\/sivut\/?page_id=848"},"modified":"2025-04-27T10:08:06","modified_gmt":"2025-04-27T08:08:06","slug":"feed-2","status":"publish","type":"page","link":"https:\/\/dyysg.fi\/sivut\/","title":{"rendered":"Ajankohtaista"},"content":{"rendered":"<ul class=\"wp-block-latest-posts__list has-dates wp-block-latest-posts\"><li><div class=\"wp-block-latest-posts__featured-image\"><img loading=\"lazy\" decoding=\"async\" width=\"1000\" height=\"744\" src=\"https:\/\/dyysg.fi\/sivut\/wp-content\/uploads\/dyysg_paiva-1000x744.jpg\" class=\"attachment-thumbnail size-thumbnail wp-post-image\" alt=\"\" style=\"max-width:250px;max-height:250px;\" srcset=\"https:\/\/dyysg.fi\/sivut\/wp-content\/uploads\/dyysg_paiva-1000x744.jpg 1000w, https:\/\/dyysg.fi\/sivut\/wp-content\/uploads\/dyysg_paiva-768x571.jpg 768w, https:\/\/dyysg.fi\/sivut\/wp-content\/uploads\/dyysg_paiva.jpg 1450w\" sizes=\"auto, (max-width: 1000px) 100vw, 1000px\" \/><\/div><a class=\"wp-block-latest-posts__post-title\" href=\"https:\/\/dyysg.fi\/sivut\/index.php\/2026\/03\/30\/ensimmainen-kansainvalinen-daoyin-yangshen-gong-paiva\/\">Ensimm\u00e4inen Kansainv\u00e4linen Daoyin Yangshen Gong P\u00e4iv\u00e4<\/a><time datetime=\"2026-03-30T18:47:20+02:00\" class=\"wp-block-latest-posts__post-date\">30 maaliskuun, 2026<\/time><div class=\"wp-block-latest-posts__post-full-content\"><!-- wp:paragraph -->\n<p>8.3.2026 \u2013 maailman 1. Daoyin Yangsheng Gong -p\u00e4iv\u00e4!<\/p>\n<!-- \/wp:paragraph -->\n\n<!-- wp:paragraph -->\n<p>17 maata \u2013 21 tapahtumapaikkaa \u2013 yksi yhteinen kokemus<\/p>\n<!-- \/wp:paragraph -->\n\n<!-- wp:paragraph -->\n<p>Samanaikainen live-l\u00e4hetys ymp\u00e4ri maailman<\/p>\n<!-- \/wp:paragraph -->\n\n<!-- wp:paragraph -->\n<p> 6,5 tuntia inspiroivaa ohjelmaa kahdessa energisess\u00e4 osiossa<\/p>\n<!-- \/wp:paragraph -->\n\n<!-- wp:paragraph -->\n<p>Id\u00e4st\u00e4 l\u00e4nteen,<\/p>\n<!-- \/wp:paragraph -->\n\n<!-- wp:paragraph -->\n<p>etel\u00e4st\u00e4 pohjoiseen \u2013<\/p>\n<!-- \/wp:paragraph -->\n\n<!-- wp:paragraph -->\n<p>maailma yhdistyy liikkeen ja hengityksen kautta.<\/p>\n<!-- \/wp:paragraph -->\n\n<!-- wp:paragraph -->\n<p>Eri kielet \u2013 yksi yhteinen \u00e4\u00e4ni: Daoyin<\/p>\n<!-- \/wp:paragraph -->\n\n<!-- wp:paragraph -->\n<p>Eri kulttuurit \u2013 yksi yhteinen tavoite: terveys<\/p>\n<!-- \/wp:paragraph -->\n\n<!-- wp:paragraph -->\n<p>Kaikki sukupolvet \u2013 yksi jaettu tunne: ilo<\/p>\n<!-- \/wp:paragraph -->\n\n<!-- wp:paragraph -->\n<p><img loading=\"lazy\" decoding=\"async\" height=\"16\" width=\"16\" alt=\"\u2728\" src=\"https:\/\/static.xx.fbcdn.net\/images\/emoji.php\/v9\/tf4\/1\/16\/2728.png\"> Yhdess\u00e4 liikumme, hengit\u00e4mme ja voimaannumme<\/p>\n<!-- \/wp:paragraph -->\n\n<!-- wp:paragraph -->\n<p>T\u00e4\u00e4ll\u00e4 oli virallinen kutsu: <a href=\"https:\/\/www.dyysg123.com\/2026-2226938469235482434120859299832115126085.html?fbclid=IwY2xjawQ3czxleHRuA2FlbQIxMQBzcnRjBmFwcF9pZBAyMjIwMzkxNzg4MjAwODkyAAEeoc9ypYQZQObjILUVwoQwElvfbnqk6RnTCHiw1ZQ1oKQLw0FYGSP7yjsZjoM_aem_7tCOjbDKS-pObTgtfPwKiw\">2026 \u56fd\u9645\u5bfc\u5f15\u517b\u751f\u529f\u65e5 &#8211; \u592a\u6975\u97fb<\/a><\/p>\n<!-- \/wp:paragraph -->\n\n<!-- wp:paragraph -->\n<p>Oulun taiji seura osallistui tapahtumaan lauantain qigong vuorolla treenaten, mink\u00e4 j\u00e4lkeen jatkoimme kansainv\u00e4lisen online l\u00e4hetyksen seuraamista paikallisessa ravintolassa yhteisen lounaan \u00e4\u00e4reen kokoontuen.<\/p>\n<!-- \/wp:paragraph -->\n\n<!-- wp:image {\"id\":1123,\"sizeSlug\":\"large\",\"linkDestination\":\"none\"} -->\n<figure class=\"wp-block-image size-large\"><img loading=\"lazy\" decoding=\"async\" width=\"2376\" height=\"1584\" src=\"http:\/\/dyysg.fi\/sivut\/wp-content\/uploads\/aDSC02615_p-2376x1584.jpg\" alt=\"\" class=\"wp-image-1123\" srcset=\"https:\/\/dyysg.fi\/sivut\/wp-content\/uploads\/aDSC02615_p-2376x1584.jpg 2376w, https:\/\/dyysg.fi\/sivut\/wp-content\/uploads\/aDSC02615_p-2000x1333.jpg 2000w, https:\/\/dyysg.fi\/sivut\/wp-content\/uploads\/aDSC02615_p-1000x667.jpg 1000w, https:\/\/dyysg.fi\/sivut\/wp-content\/uploads\/aDSC02615_p-768x512.jpg 768w, https:\/\/dyysg.fi\/sivut\/wp-content\/uploads\/aDSC02615_p-1536x1024.jpg 1536w, https:\/\/dyysg.fi\/sivut\/wp-content\/uploads\/aDSC02615_p-2048x1365.jpg 2048w, https:\/\/dyysg.fi\/sivut\/wp-content\/uploads\/aDSC02615_p-900x600.jpg 900w\" sizes=\"auto, (max-width: 2376px) 100vw, 2376px\" \/><\/figure>\n<!-- \/wp:image -->\n\n<!-- wp:paragraph -->\n<p>Alkuun Aki kertoi tervehdykseen liittyv\u00e4n tarinan siit\u00e4 kuinka er\u00e4s sinnik\u00e4s historiallinen henkil\u00f6 p\u00e4\u00e4si unelmiensa opettajan oppiin. Tule kuulemaan lis\u00e4\u00e4 tarinasta seuraamme \ud83d\ude09<\/p>\n<!-- \/wp:paragraph -->\n\n<!-- wp:image {\"id\":1124,\"sizeSlug\":\"large\",\"linkDestination\":\"none\"} -->\n<figure class=\"wp-block-image size-large\"><img loading=\"lazy\" decoding=\"async\" width=\"2376\" height=\"1584\" src=\"http:\/\/dyysg.fi\/sivut\/wp-content\/uploads\/aDSC02617_p-2376x1584.jpg\" alt=\"\" class=\"wp-image-1124\" srcset=\"https:\/\/dyysg.fi\/sivut\/wp-content\/uploads\/aDSC02617_p-2376x1584.jpg 2376w, https:\/\/dyysg.fi\/sivut\/wp-content\/uploads\/aDSC02617_p-2000x1333.jpg 2000w, https:\/\/dyysg.fi\/sivut\/wp-content\/uploads\/aDSC02617_p-1000x667.jpg 1000w, https:\/\/dyysg.fi\/sivut\/wp-content\/uploads\/aDSC02617_p-768x512.jpg 768w, https:\/\/dyysg.fi\/sivut\/wp-content\/uploads\/aDSC02617_p-1536x1024.jpg 1536w, https:\/\/dyysg.fi\/sivut\/wp-content\/uploads\/aDSC02617_p-2048x1365.jpg 2048w, https:\/\/dyysg.fi\/sivut\/wp-content\/uploads\/aDSC02617_p-900x600.jpg 900w\" sizes=\"auto, (max-width: 2376px) 100vw, 2376px\" \/><\/figure>\n<!-- \/wp:image -->\n\n<!-- wp:paragraph -->\n<p>Alkutervehdysten j\u00e4lkeen teimme alkul\u00e4mmittelyksi Oulun &#8221;ensimm\u00e4isen virallisen&#8221; dyysg-sarjan, yleisesti terveytt\u00e4 edist\u00e4v\u00e4n, baojian gong 1 -liikesarjan. Sen j\u00e4lkeen teimme kev\u00e4isen maksa-sarjan.<\/p>\n<!-- \/wp:paragraph -->\n\n<!-- wp:paragraph -->\n<p>Alkeistuntilaiset eiv\u00e4t olleet koskaan aikaisemmin tehneet maksa-sarjaa, mutta olivat eritt\u00e4in sujuvasti mukana kaikessa.<\/p>\n<!-- \/wp:paragraph -->\n\n<!-- wp:image {\"id\":1128,\"sizeSlug\":\"large\",\"linkDestination\":\"none\"} -->\n<figure class=\"wp-block-image size-large\"><img loading=\"lazy\" decoding=\"async\" width=\"2376\" height=\"1584\" src=\"http:\/\/dyysg.fi\/sivut\/wp-content\/uploads\/aDSC02631_p-2376x1584.jpg\" alt=\"\" class=\"wp-image-1128\" srcset=\"https:\/\/dyysg.fi\/sivut\/wp-content\/uploads\/aDSC02631_p-2376x1584.jpg 2376w, https:\/\/dyysg.fi\/sivut\/wp-content\/uploads\/aDSC02631_p-2000x1333.jpg 2000w, https:\/\/dyysg.fi\/sivut\/wp-content\/uploads\/aDSC02631_p-1000x667.jpg 1000w, https:\/\/dyysg.fi\/sivut\/wp-content\/uploads\/aDSC02631_p-768x512.jpg 768w, https:\/\/dyysg.fi\/sivut\/wp-content\/uploads\/aDSC02631_p-1536x1024.jpg 1536w, https:\/\/dyysg.fi\/sivut\/wp-content\/uploads\/aDSC02631_p-2048x1365.jpg 2048w, https:\/\/dyysg.fi\/sivut\/wp-content\/uploads\/aDSC02631_p-900x600.jpg 900w\" sizes=\"auto, (max-width: 2376px) 100vw, 2376px\" \/><\/figure>\n<!-- \/wp:image -->\n\n<!-- wp:paragraph -->\n<p>Kaiken ulkoisen treenin tekemisen ohella meit\u00e4 taas muistutettiin siit\u00e4 mik\u00e4 on t\u00e4rkeint\u00e4: Ilo tehd\u00e4 sit\u00e4 mit\u00e4 tekee niin ett\u00e4 se n\u00e4kyy.<\/p>\n<!-- \/wp:paragraph -->\n\n<!-- wp:image {\"id\":1125,\"sizeSlug\":\"large\",\"linkDestination\":\"none\"} -->\n<figure class=\"wp-block-image size-large\"><img decoding=\"async\" src=\"http:\/\/dyysg.fi\/sivut\/wp-content\/uploads\/aDSC02636_p-2376x1584.jpg\" alt=\"\" class=\"wp-image-1125\" \/><\/figure>\n<!-- \/wp:image -->\n\n<!-- wp:paragraph -->\n<p>N\u00e4iden treenien j\u00e4lkeen ehdittiin viel\u00e4 tehd\u00e4 pari esityst\u00e4. Aki, Kaarina, Lea ja Marita esittiv\u00e4t dyysg runo kokoelma liikesarjan, Aki esitteli dyysg pitk\u00e4tupsu miekka sarjan (<a href=\"https:\/\/www.youtube.com\/shorts\/2eZFKP7qKL4\">Yangsheng Long Tassel Sword -dyysg 28.3.2026<\/a>) sek\u00e4 Aki ja Marita esittiv\u00e4t yhdess\u00e4 yhden k\u00e4den dyysg viuhka1 sarjan( <a href=\"https:\/\/youtu.be\/f8_dGC-wACU\">https:\/\/youtu.be\/f8_dGC-wACU<\/a> ).<\/p>\n<!-- \/wp:paragraph -->\n\n<!-- wp:paragraph -->\n<p>N\u00e4iden j\u00e4lkeen olikin jo kiire ryhm\u00e4kuvaan ennen lounasta. Ensin virallinen kuva.<\/p>\n<!-- \/wp:paragraph -->\n\n<!-- wp:image {\"id\":1127,\"sizeSlug\":\"large\",\"linkDestination\":\"none\"} -->\n<figure class=\"wp-block-image size-large\"><img loading=\"lazy\" decoding=\"async\" width=\"2376\" height=\"1584\" src=\"http:\/\/dyysg.fi\/sivut\/wp-content\/uploads\/aDSC02662_p-2376x1584.jpg\" alt=\"\" class=\"wp-image-1127\" srcset=\"https:\/\/dyysg.fi\/sivut\/wp-content\/uploads\/aDSC02662_p-2376x1584.jpg 2376w, https:\/\/dyysg.fi\/sivut\/wp-content\/uploads\/aDSC02662_p-2000x1333.jpg 2000w, https:\/\/dyysg.fi\/sivut\/wp-content\/uploads\/aDSC02662_p-1000x667.jpg 1000w, https:\/\/dyysg.fi\/sivut\/wp-content\/uploads\/aDSC02662_p-768x512.jpg 768w, https:\/\/dyysg.fi\/sivut\/wp-content\/uploads\/aDSC02662_p-1536x1024.jpg 1536w, https:\/\/dyysg.fi\/sivut\/wp-content\/uploads\/aDSC02662_p-2048x1365.jpg 2048w, https:\/\/dyysg.fi\/sivut\/wp-content\/uploads\/aDSC02662_p-900x600.jpg 900w\" sizes=\"auto, (max-width: 2376px) 100vw, 2376px\" \/><\/figure>\n<!-- \/wp:image -->\n\n<!-- wp:paragraph -->\n<p>Rennommalle kuvalle kaikki eiv\u00e4t ehtineet reagoida pikkkukameran r\u00e4psyihin \ud83d\ude09<\/p>\n<!-- \/wp:paragraph -->\n\n<!-- wp:image {\"id\":1126,\"sizeSlug\":\"large\",\"linkDestination\":\"none\"} -->\n<figure class=\"wp-block-image size-large\"><img loading=\"lazy\" decoding=\"async\" width=\"2376\" height=\"1584\" src=\"http:\/\/dyysg.fi\/sivut\/wp-content\/uploads\/aDSC02667_p-2376x1584.jpg\" alt=\"\" class=\"wp-image-1126\" srcset=\"https:\/\/dyysg.fi\/sivut\/wp-content\/uploads\/aDSC02667_p-2376x1584.jpg 2376w, https:\/\/dyysg.fi\/sivut\/wp-content\/uploads\/aDSC02667_p-2000x1333.jpg 2000w, https:\/\/dyysg.fi\/sivut\/wp-content\/uploads\/aDSC02667_p-1000x667.jpg 1000w, https:\/\/dyysg.fi\/sivut\/wp-content\/uploads\/aDSC02667_p-768x512.jpg 768w, https:\/\/dyysg.fi\/sivut\/wp-content\/uploads\/aDSC02667_p-1536x1024.jpg 1536w, https:\/\/dyysg.fi\/sivut\/wp-content\/uploads\/aDSC02667_p-2048x1365.jpg 2048w, https:\/\/dyysg.fi\/sivut\/wp-content\/uploads\/aDSC02667_p-900x600.jpg 900w\" sizes=\"auto, (max-width: 2376px) 100vw, 2376px\" \/><\/figure>\n<!-- \/wp:image -->\n\n<!-- wp:paragraph -->\n<p>Jos missasit l\u00e4hetyksen, voit seurata nauhoitteen t\u00e4\u00e4lt\u00e4: <a href=\"https:\/\/www.youtube.com\/live\/S9KuG4JTrYA\">2 session &#8211; 1st International Daoyin Yangsheng Gong Day Global Live Broadcast<\/a>.<\/p>\n<!-- \/wp:paragraph -->\n\n<!-- wp:paragraph -->\n<p>My\u00f6s Oulun taiji seuran tervehdyskooste l\u00f6ytyy tuolta, mutta voit n\u00e4hd\u00e4 sen my\u00f6s nopeammin t\u00e4st\u00e4: <a href=\"https:\/\/www.youtube.com\/watch?v=YAxR7i6lRqE\">Finnish Dyysg Federation 28 03 2026<\/a><\/p>\n<!-- \/wp:paragraph -->\n\n<!-- wp:paragraph -->\n<p>Upea p\u00e4iv\u00e4 olla mukana. <\/p>\n<!-- \/wp:paragraph -->\n\n<!-- wp:paragraph -->\n<p>Oli hienoa n\u00e4hd\u00e4 kuinka laaja t\u00e4m\u00e4 yhteis\u00f6 on. Kaikki yhdess\u00e4 hyv\u00e4n terveen el\u00e4m\u00e4n eteen t\u00f6it\u00e4 tehden. L\u00e4mm\u00f6ll\u00e4 ja rauhassa yhteisty\u00f6t\u00e4 rakentaen ja laajentaen.<\/p>\n<!-- \/wp:paragraph -->\n\n<!-- wp:paragraph -->\n<p>Yhteis\u00f6n innostus n\u00e4kyi mm siin\u00e4, ett\u00e4 alkuper\u00e4inen suunniteltu 2.5h ei riitt\u00e4nyt livel\u00e4hetyksess\u00e4 vaan se oli noin 3.5h \ud83d\ude42<\/p>\n<!-- \/wp:paragraph -->\n\n<!-- wp:paragraph -->\n<p>Ajatus sopii erinomaisesti tulihevosen vuoden teemaan. Eteenp\u00e4in. Yhdess\u00e4. Yhteinen polku.<\/p>\n<!-- \/wp:paragraph -->\n\n<!-- wp:image {\"id\":1121,\"sizeSlug\":\"large\",\"linkDestination\":\"none\"} -->\n<figure class=\"wp-block-image size-large\"><img loading=\"lazy\" decoding=\"async\" width=\"1188\" height=\"1584\" src=\"http:\/\/dyysg.fi\/sivut\/wp-content\/uploads\/lounas-1188x1584.jpeg\" alt=\"\" class=\"wp-image-1121\" srcset=\"https:\/\/dyysg.fi\/sivut\/wp-content\/uploads\/lounas-1188x1584.jpeg 1188w, https:\/\/dyysg.fi\/sivut\/wp-content\/uploads\/lounas-750x1000.jpeg 750w, https:\/\/dyysg.fi\/sivut\/wp-content\/uploads\/lounas-768x1024.jpeg 768w, https:\/\/dyysg.fi\/sivut\/wp-content\/uploads\/lounas-1152x1536.jpeg 1152w, https:\/\/dyysg.fi\/sivut\/wp-content\/uploads\/lounas.jpeg 1500w\" sizes=\"auto, (max-width: 1188px) 100vw, 1188px\" \/><\/figure>\n<!-- \/wp:image -->\n\n<!-- wp:paragraph -->\n<p>L\u00e4mpim\u00e4sti kaikkien puolesta kaikkia kiitt\u00e4en.<\/p>\n<!-- \/wp:paragraph -->\n\n<!-- wp:paragraph -->\n<p>T\u00e4\u00e4lt\u00e4 voit viel\u00e4 katsoa Zhang Guangde muistoksi tehdyn kokoelmaliikesarjan, joka toivon mukaan joskus tulee ohjelmistoon: <a href=\"https:\/\/www.youtube.com\/watch?v=kGxBYBouWfQ\">\u4e5d\u4e5d\u9577\u5bff\u6cd5\u3000\u5c0e\u5f15\u990a\u751f\u529f\u65e5\u672c\u7dcf\u672c\u90e8 &#8211; YouTube<\/a><\/p>\n<!-- \/wp:paragraph -->\n\n<!-- wp:paragraph -->\n<p>Tulevaisuutta innolla positiivisesti odottaen.<\/p>\n<!-- \/wp:paragraph --><\/div><\/li>\n<li><a class=\"wp-block-latest-posts__post-title\" href=\"https:\/\/dyysg.fi\/sivut\/index.php\/2026\/03\/01\/yangsheng-taiji-bang1\/\">Yangsheng taiji bang1<\/a><time datetime=\"2026-03-01T18:37:11+02:00\" class=\"wp-block-latest-posts__post-date\">1 maaliskuun, 2026<\/time><div class=\"wp-block-latest-posts__post-full-content\"><!-- wp:image {\"id\":1106,\"sizeSlug\":\"large\",\"linkDestination\":\"none\"} -->\n<figure class=\"wp-block-image size-large\"><img loading=\"lazy\" decoding=\"async\" width=\"1120\" height=\"1584\" src=\"http:\/\/dyysg.fi\/sivut\/wp-content\/uploads\/taiji_bang1_leiri-1120x1584.jpeg\" alt=\"\" class=\"wp-image-1106\" srcset=\"https:\/\/dyysg.fi\/sivut\/wp-content\/uploads\/taiji_bang1_leiri-1120x1584.jpeg 1120w, https:\/\/dyysg.fi\/sivut\/wp-content\/uploads\/taiji_bang1_leiri-1414x2000.jpeg 1414w, https:\/\/dyysg.fi\/sivut\/wp-content\/uploads\/taiji_bang1_leiri-707x1000.jpeg 707w, https:\/\/dyysg.fi\/sivut\/wp-content\/uploads\/taiji_bang1_leiri-768x1086.jpeg 768w, https:\/\/dyysg.fi\/sivut\/wp-content\/uploads\/taiji_bang1_leiri-1086x1536.jpeg 1086w, https:\/\/dyysg.fi\/sivut\/wp-content\/uploads\/taiji_bang1_leiri.jpeg 1448w\" sizes=\"auto, (max-width: 1120px) 100vw, 1120px\" \/><\/figure>\n<!-- \/wp:image -->\n\n<!-- wp:paragraph -->\n<p>Aikataulu, paikka: <\/p>\n<!-- \/wp:paragraph -->\n\n<!-- wp:paragraph -->\n<p>la 11.4. klo 12-15 Myllytullin koulu, Oulu \/Zoom <\/p>\n<!-- \/wp:paragraph -->\n\n<!-- wp:paragraph -->\n<p>su 12.4. klo 11-15 V\u00e4rt\u00f6n p\u00e4iv\u00e4koti, Oulu \/Zoom<\/p>\n<!-- \/wp:paragraph -->\n\n<!-- wp:paragraph -->\n<p>Hinta:<\/p>\n<!-- \/wp:paragraph -->\n\n<!-- wp:paragraph -->\n<p>Dyysg-liiton j\u00e4senet 20 e, muut 30 e\/sis.liiton j\u00e4s.maksun<\/p>\n<!-- \/wp:paragraph -->\n\n<!-- wp:paragraph -->\n<p>Maksut: F156 5744 5020 0219 02, viite 1009<\/p>\n<!-- \/wp:paragraph -->\n\n<!-- wp:paragraph -->\n<p>Opettaja: Aki Korhonen, Daoyin Yangsheng Gong 5. Duan<\/p>\n<!-- \/wp:paragraph -->\n\n<!-- wp:paragraph -->\n<p><\/p>\n<!-- \/wp:paragraph -->\n\n<!-- wp:paragraph -->\n<p>Yangsheng Taiji bang-keppiharjoitus on harjoitusmuoto, joka yhdist\u00e4\u00e4 daoyin-harjoituksen, l\u00e4\u00e4ketieteen, kamppailutaidon, taiteen, estetiikan ja musiikillisen rytmin yhdeksi kokonaisuudeksi. Se auttaa s\u00e4\u00e4telem\u00e4\u00e4n kehon toimintoja, edist\u00e4m\u00e4\u00e4n qin ja veren kiertoa, tasapainottamaan yin- ja yang-voimia sek\u00e4 yll\u00e4pit\u00e4m\u00e4\u00e4n ja vahvistamaan terveytt\u00e4. <\/p>\n<!-- \/wp:paragraph -->\n\n<!-- wp:paragraph -->\n<p>Liikkeet ovat rakenteeltaan selkeit\u00e4 ja luonnollisia, ja niiss\u00e4 yhdistyv\u00e4t yl\u00e4- ja alaraajojen yhteistoiminta sek\u00e4 kehon ja hengityksen harmoninen rytmi. <\/p>\n<!-- \/wp:paragraph -->\n\n<!-- wp:paragraph -->\n<p>Harjoittelu kehitt\u00e4\u00e4 kehon koordinaatiota, lis\u00e4\u00e4 nivelten liikkuvuutta ja vahvistaa lihaksia samalla kun se s\u00e4ilytt\u00e4\u00e4 liikkeen pehmeyden ja jatkuvuuden. <\/p>\n<!-- \/wp:paragraph -->\n\n<!-- wp:paragraph -->\n<p>S\u00e4\u00e4nn\u00f6llinen harjoittelu auttaa ehk\u00e4isem\u00e4\u00e4n sairauksia, vahvistamaan kehoa ja pident\u00e4m\u00e4\u00e4n elinvoimaista el\u00e4m\u00e4\u00e4.<\/p>\n<!-- \/wp:paragraph -->\n\n<!-- wp:paragraph -->\n<p>Harjoitus sopii kaikenik\u00e4isille ja -tasoisille.<\/p>\n<!-- \/wp:paragraph -->\n\n<!-- wp:paragraph -->\n<p>Kurssilla saa lainaksi Taji-bang kepin, jonka voi halutessaan lunastaa itselleen 15 eurolla.<\/p>\n<!-- \/wp:paragraph -->\n\n<!-- wp:paragraph -->\n<p>Ilmoittautumiset ja lis\u00e4tietoja: dyysgfi-hallitus@googlegroups.com<\/p>\n<!-- \/wp:paragraph -->\n\n<!-- wp:paragraph -->\n<p>L\u00e4mpim\u00e4sti tervetuloa!<\/p>\n<!-- \/wp:paragraph --><\/div><\/li>\n<\/ul>\n\n\n<h3 class=\"wp-block-heading\">Hauskaa p\u00e4iv\u00e4\u00e4 ja kiitos vierailusta! \ud83d\ude42<\/h3>\n\n\n\n<p>Kaikki artikkelit l\u00f6yd\u00e4t <a href=\"https:\/\/dyysg.fi\/sivut\/index.php\/ajankohtaista\/\" data-type=\"link\" data-id=\"https:\/\/dyysg.fi\/sivut\/index.php\/ajankohtaista\/\">t\u00e4\u00e4lt\u00e4<\/a><\/p>\n\n\n\n<p><\/p>\n","protected":false},"excerpt":{"rendered":"<p>Hauskaa p\u00e4iv\u00e4\u00e4 ja kiitos vierailusta! \ud83d\ude42 Kaikki artikkelit l\u00f6yd\u00e4t t\u00e4\u00e4lt\u00e4<\/p>\n","protected":false},"author":1,"featured_media":0,"parent":0,"menu_order":0,"comment_status":"closed","ping_status":"closed","template":"","meta":{"footnotes":""},"class_list":["post-848","page","type-page","status-publish","hentry"],"_links":{"self":[{"href":"https:\/\/dyysg.fi\/sivut\/index.php\/wp-json\/wp\/v2\/pages\/848","targetHints":{"allow":["GET"]}}],"collection":[{"href":"https:\/\/dyysg.fi\/sivut\/index.php\/wp-json\/wp\/v2\/pages"}],"about":[{"href":"https:\/\/dyysg.fi\/sivut\/index.php\/wp-json\/wp\/v2\/types\/page"}],"author":[{"embeddable":true,"href":"https:\/\/dyysg.fi\/sivut\/index.php\/wp-json\/wp\/v2\/users\/1"}],"replies":[{"embeddable":true,"href":"https:\/\/dyysg.fi\/sivut\/index.php\/wp-json\/wp\/v2\/comments?post=848"}],"version-history":[{"count":23,"href":"https:\/\/dyysg.fi\/sivut\/index.php\/wp-json\/wp\/v2\/pages\/848\/revisions"}],"predecessor-version":[{"id":1090,"href":"https:\/\/dyysg.fi\/sivut\/index.php\/wp-json\/wp\/v2\/pages\/848\/revisions\/1090"}],"wp:attachment":[{"href":"https:\/\/dyysg.fi\/sivut\/index.php\/wp-json\/wp\/v2\/media?parent=848"}],"curies":[{"name":"wp","href":"https:\/\/api.w.org\/{rel}","templated":true}]}}