{"id":663,"date":"2019-09-25T13:47:17","date_gmt":"2019-09-25T11:47:17","guid":{"rendered":"http:\/\/dyysg.fi\/sivut\/?page_id=663"},"modified":"2025-04-19T17:28:09","modified_gmt":"2025-04-19T15:28:09","slug":"tapahtuma-ja-treeni-kalenteri","status":"publish","type":"page","link":"https:\/\/dyysg.fi\/sivut\/index.php\/tapahtuma-ja-treeni-kalenteri\/","title":{"rendered":"Koulutus ja tapahtumat"},"content":{"rendered":"<p>T\u00e4lt\u00e4 sivulta voit l\u00f6yt\u00e4\u00e4 yleist\u00e4 perustietoa tietoa seuraavista:<\/p>\n<ul>\n<li>DYYSG Suomessa<\/li>\n<li>opintomatkat ulkomaille<\/li>\n<li>tapahtuma- ja harjoituskalenteri<\/li>\n<\/ul>\n<p>Katso ajankohtaisista blogeista tarkempia tietoja.<\/p>\n<h1>DYYSG Suomessa<\/h1>\n<p>S\u00e4\u00e4nn\u00f6llisi\u00e4 DYYSG harjoituksia tehd\u00e4\u00e4n Suomessa useammalla paikkakunnalla. Katso alta tarkemmin.<\/p>\n<h2><strong>OULU<\/strong><\/h2>\n<p>Oulussa on mahdollista oppia Daoyini\u00e4 ensimm\u00e4ist\u00e4 kertaa Suomessa\u00a0<a href=\"http:\/\/ouluntaiji.fi\/2014\/\">Oulun taiji\u00a0<\/a>seurassa. Oulun Taiji-seurassa on pikkuhiljaa harjoiteltu sarjoja Aki Korhosen opastuksella ja 2016 syksyst\u00e4 l\u00e4htien my\u00f6s Zhang Guang De:n oppilaan Zhuang Yongchangin opastuksella. Zhuang on k\u00e4ynyt opettamassa Oulussa useamman kerran vuodesta 2016 vuoteen 2019. Aki on tuntenut Zhuangin vuosia aikasemmin ja k\u00e4ynyt opiskelemassa Daoyini\u00e4 sen p\u00e4\u00e4paikassa Pekingin Urheiluyliopiston DYYSG-keskuksessa kolmeen otteeseen. Vierailut ovat kest\u00e4neet viikosta kolmeen viikkoon, viimeisimm\u00e4n ollessa kev\u00e4\u00e4ll\u00e4 2017, jolloin h\u00e4n tapasi my\u00f6s professori Zhang Guang De:n. Zhang Guang De oli Akin mielest\u00e4 hyvin syd\u00e4mellinen ja tyytyv\u00e4inen, ett\u00e4 nyt my\u00f6s Suomessa on mahdollisuus oppia h\u00e4nen j\u00e4rjestelm\u00e4\u00e4ns\u00e4.<\/p>\n<p><img loading=\"lazy\" decoding=\"async\" class=\"alignnone size-full wp-image-278\" src=\"http:\/\/dyysg.fi\/sivut\/wp-content\/uploads\/ZGD-ja-Aki.jpg\" sizes=\"auto, (max-width: 1000px) 100vw, 1000px\" srcset=\"https:\/\/dyysg.fi\/sivut\/wp-content\/uploads\/ZGD-ja-Aki.jpg 1000w, https:\/\/dyysg.fi\/sivut\/wp-content\/uploads\/ZGD-ja-Aki-768x432.jpg 768w\" alt=\"\" width=\"1000\" height=\"563\" \/><\/p>\n<p><img loading=\"lazy\" decoding=\"async\" class=\"size-medium wp-image-34 alignleft\" src=\"http:\/\/dyysg.fi\/sivut\/wp-content\/uploads\/2017\/11\/zhuang-199x300.jpg\" sizes=\"auto, (max-width: 199px) 100vw, 199px\" srcset=\"https:\/\/dyysg.fi\/sivut\/wp-content\/uploads\/2017\/11\/zhuang-199x300.jpg 199w, https:\/\/dyysg.fi\/sivut\/wp-content\/uploads\/2017\/11\/zhuang.jpg 663w\" alt=\"\" width=\"199\" height=\"300\" \/><\/p>\n<p>Oulussa vieraileva opettaja Zhuang Yongchang on Pekingin urheiluyliopiston opettaja ja tutkija. H\u00e4n on ollut mukana kehitt\u00e4m\u00e4ss\u00e4 useita qigong-sarjoja ja kirjoittamassa niiden oppikirjoja. H\u00e4n on omistautunut jakamaan kiinalaista terveysliikuntakulttuuria koko maailmalle kulkien opettamassa eri puolilla maailmaa, osallistuen seminaareihin, sek\u00e4 kansallisiin ja kansainv\u00e4lisiin terveys-qigong -tapahtumiin. H\u00e4n on ansainnut osaamisellaan laajalti tunnustusta ja palkintoja.<\/p>\n<p>T\u00e4ll\u00e4 hetkell\u00e4\u00a0<a href=\"http:\/\/ouluntaiji.fi\/2014\/\">Oulun taijiseuran<\/a>\u00a0ohjelmistossa ovat seuraavat sarjat:<\/p>\n<p><a href=\"https:\/\/www.youtube.com\/watch?v=84ClrEea4fs&amp;t=650s\" target=\"_blank\" rel=\"noopener noreferrer\"><strong>Baojian gong<\/strong><\/a>, yleisesti terveytt\u00e4 suojeleva ja yll\u00e4pit\u00e4v\u00e4 sarja. ZGD:n vanhimpia sarjoja.<\/p>\n<p><a href=\"https:\/\/www.youtube.com\/watch?v=8A715FRptb0\" target=\"_blank\" rel=\"noopener noreferrer\"><strong>13 liikkeen venyttely<\/strong><\/a>, lis\u00e4\u00e4 voimaa ja notkeutta<\/p>\n<p><a href=\"https:\/\/www.youtube.com\/watch?v=Rq4-Gubz-tI&amp;t=317s\" target=\"_blank\" rel=\"noopener noreferrer\"><strong>Lihaksia ja luita vahvistava sarja<\/strong><\/a>, nimens\u00e4 mukainen<\/p>\n<p><a href=\"https:\/\/www.youtube.com\/watch?v=Ai5TM7yd0fM\" target=\"_blank\" rel=\"noopener noreferrer\"><strong>Syd\u00e4nt\u00e4 ja mielt\u00e4 rauhoittava sarja<\/strong><\/a><\/p>\n<p><a href=\"https:\/\/www.youtube.com\/watch?v=Jb3XYGJTdaI&amp;t=56s\" target=\"_blank\" rel=\"noopener noreferrer\"><strong>Verta ja qi:t\u00e4 vahvistava sarja<\/strong><\/a><\/p>\n<p><strong>Munuaissarja<\/strong>, munaisia ja alkuper\u00e4ist\u00e4 qi:t\u00e4 sek\u00e4 vesi-elementti\u00e4 vahvistava sarja, my\u00f6s ZGD:n aikaisempia sarjoja.<\/p>\n<p><a href=\"https:\/\/www.youtube.com\/watch?v=atu3ug4iptI\" target=\"_blank\" rel=\"noopener noreferrer\"><strong>Maksasarja 2<\/strong><\/a>, maksaa ja puu-elementti\u00e4 vahvistava sarja<\/p>\n<p><a href=\"https:\/\/www.youtube.com\/watch?v=2kGlLNI1_no\" target=\"_blank\" rel=\"noopener noreferrer\"><strong>Syd\u00e4nsarja 1<\/strong><\/a>, syd\u00e4nt\u00e4 ja verenkiertoa\u00a0vahvistava sarja, tuli-elementti<\/p>\n<p><strong><a href=\"https:\/\/www.youtube.com\/watch?v=oldGAZlmRes&amp;t=127s\">Keuhko sarja\u00a01<\/a><\/strong>, keuhkoja\u00a0vahvistava sarja, metalli-elementti<\/p>\n<p><strong>vatsa- ja pernasarja 1<\/strong>, vatsaa ja pernaa vahvistava sarja, maa-elementti<\/p>\n<p><a href=\"https:\/\/www.youtube.com\/watch?v=-6imK1Gt3Y8&amp;t=428s\" target=\"_blank\" rel=\"noopener noreferrer\"><strong>49-liikkeen meridiaanisarja<\/strong><\/a>, liikesarja, joka avaa kaikkia meridiaaneja<\/p>\n<p><strong><a href=\"https:\/\/www.youtube.com\/watch?v=X3pz-I8QS64&amp;t=79s\" target=\"_blank\" rel=\"noopener noreferrer\">Hu Xiaofein ja Zhuang Yongchangin<\/a><\/strong>\u00a0alkul\u00e4mmittelysarja<\/p>\n<h2><strong>KOKKKOLA<\/strong><\/h2>\n<p>Alkuvuodesta 2019 alkaen Kokkolassa ovat alkaneet viikottaiset dyysg-harjoitukset, joiden p\u00e4\u00e4runkona on vuodenaikoja vastaavat sarjat. Ohjelmassa on my\u00f6s muita dyysg-sarjoja ja aiheeseen liittyv\u00e4\u00e4 teoriaa, sek\u00e4 mahdollisuuksien mukaan vierailevia opettajia.<\/p>\n<p>Syksyll\u00e4 2019 harjoitukset ovat perjantaisin\u00a0Halkokarin koulun salissa klo 19-20.15 osoitteessa Halkokarintie 20, 67300 Kokkola.<\/p>\n<p>Tervetuloa harjoittelemaan upeaa lajia!<\/p>\n<p>Yhteystiedot puh. 040-7775859<br \/>\njannepalmiola(at)yahoo.com<\/p>\n<h2><strong>JYV\u00c4SKYL\u00c4<\/strong><\/h2>\n<p>Jyv\u00e4skyl\u00e4ss\u00e4 Dyysg-harjoituksia vet\u00e4v\u00e4t Vuokko ja Patrik Jansson. Yhteydenotot vuokko.jansson(at)yahoo.com.<\/p>\n<p>Treenej\u00e4 2.6.2025 alkaen klo 17.30-19.00 Mattilanniemess\u00e4, valkoisten patsaiden l\u00e4hettyvill\u00e4.<\/p>\n<h1>Opintomatkat ulkomaille<\/h1>\n<p>Suomen Dao yin yang sheng gong liiton j\u00e4senet tulevat j\u00e4rjest\u00e4m\u00e4\u00e4n yhteisi\u00e4 opintomatkoja esimerkiksi Kiinaan. Liiton j\u00e4senet viritt\u00e4v\u00e4t yhteistoimintaa my\u00f6s muualle p\u00e4in\u00a0maailmaa.<\/p>\n<p>Kev\u00e4\u00e4ll\u00e4 2018\u00a0Suomen Dao yin yang sheng gong\u00a0liiton j\u00e4senet tekiv\u00e4t opintomatkan Pekingin urheilu yliopistoon. Janne Palmiola ja Aki Korhonen tekiv\u00e4t matkasta kuvakertomuksen, jonka voit lukea\u00a0<a href=\"http:\/\/suomen%20dao%20yin%20yang%20sheng%20gong\/\">t\u00e4\u00e4lt\u00e4<\/a><\/p>\n<p>Kev\u00e4\u00e4lle 2019 teimme toisen opintomatkan Pekingin urheilu yliopistoon. T\u00e4\u00e4ll\u00e4 kuvaelmaa matkasta.<\/p>\n<p>Kev\u00e4\u00e4lle 2020 oli suunnitteilla uusi matka Pekingin urheilu yliopistoon, tarkemmat suunnitelmat julkaistaan\u00a0 mahdollisimman pian. Matka jouduttiin perumaan Covid19 pandemian vuoksi.<\/p>\n<p>Syksylle 2025 on nyt suunnitteilla uusi matka Pekingin urheilu yliopistoon, tarkemmat suunnitelmat julkaistaan\u00a0 mahdollisimman pian.\u00a0 Olkaapa kuulolla sek\u00e4 t\u00e4ll\u00e4 sivustolla, ett\u00e4 liiton <a href=\"https:\/\/www.facebook.com\/groups\/134914357114579\/\">Facebook sivuilla<\/a>. Matkalle otetaan pieni rajattu m\u00e4\u00e4r\u00e4 henkil\u00f6it\u00e4. Matkan ajankohta on ilmoitellaan kun se tarkentuu.<\/p>\n<h1>Tapahtuma- ja harjoituskalenteri<\/h1>\n<p>Voit l\u00f6yt\u00e4\u00e4 t\u00e4st\u00e4 kalenterista DYYSG liiton alla olevien toimijoiden tai seurojen j\u00e4rjest\u00e4mi\u00e4 dyysg harjoituksia, leirej\u00e4 ja muita tapahtumia.<\/p>\n<p>Tarkentamalla\/klikkaamalla tapahtumaa l\u00f6yd\u00e4t harjoituspaikkojen osoitteita ja yhteyshenkil\u00f6iden nimi\u00e4.<\/p>\n<p>Tervetuloa mukaan kokeilemaan!<\/p>\n<p><iframe loading=\"lazy\" style=\"border: 0px currentColor;\" src=\"https:\/\/calendar.google.com\/calendar\/embed?src=t8uk34ap2fhogkgbu2gd10fp1g%40group.calendar.google.com&amp;ctz=Europe%2FHelsinki\" width=\"800\" height=\"600\" frameborder=\"0\" scrolling=\"no\"><\/iframe><\/p>\n<p>Mobiililaitteita varten voit k\u00e4ytt\u00e4\u00e4 my\u00f6s suoraan\u00a0t\u00e4t\u00e4 <a href=\"https:\/\/calendar.google.com\/calendar\/embed?src=t8uk34ap2fhogkgbu2gd10fp1g%40group.calendar.google.com&amp;ctz=Europe%2FHelsinki\">linkki\u00e4<\/a>!<\/p>\n<p>Voit lis\u00e4t\u00e4 treenikalenterin omaan google-kalenteriisi seuraavasti:<\/p>\n<p>1. Muut kalenterit (pieni alasp\u00e4in nuoli-painike)<br \/>\n2. Lis\u00e4\u00e4 yst\u00e4v\u00e4si kalenteri<br \/>\n3. Kopioi t\u00e4m\u00e4 osoite:\u00a0 t8uk34ap2fhogkgbu2gd10fp1g%40group.calendar.google.com<\/p>\n","protected":false},"excerpt":{"rendered":"<p>T\u00e4lt\u00e4 sivulta voit l\u00f6yt\u00e4\u00e4 yleist\u00e4 perustietoa tietoa seuraavista: DYYSG Suomessa opintomatkat ulkomaille tapahtuma- ja harjoituskalenteri Katso ajankohtaisista blogeista tarkempia tietoja. DYYSG Suomessa S\u00e4\u00e4nn\u00f6llisi\u00e4 DYYSG harjoituksia tehd\u00e4\u00e4n Suomessa useammalla paikkakunnalla. Katso <a href=\"https:\/\/dyysg.fi\/sivut\/index.php\/tapahtuma-ja-treeni-kalenteri\/\" class=\"read-more button-fancy -red\"><span class=\"btn-arrow\"><\/span><span class=\"twp-read-more text\">Lue lis\u00e4\u00e4<\/span><\/a><\/p>\n","protected":false},"author":3,"featured_media":0,"parent":0,"menu_order":0,"comment_status":"closed","ping_status":"closed","template":"","meta":{"footnotes":""},"class_list":["post-663","page","type-page","status-publish","hentry"],"_links":{"self":[{"href":"https:\/\/dyysg.fi\/sivut\/index.php\/wp-json\/wp\/v2\/pages\/663","targetHints":{"allow":["GET"]}}],"collection":[{"href":"https:\/\/dyysg.fi\/sivut\/index.php\/wp-json\/wp\/v2\/pages"}],"about":[{"href":"https:\/\/dyysg.fi\/sivut\/index.php\/wp-json\/wp\/v2\/types\/page"}],"author":[{"embeddable":true,"href":"https:\/\/dyysg.fi\/sivut\/index.php\/wp-json\/wp\/v2\/users\/3"}],"replies":[{"embeddable":true,"href":"https:\/\/dyysg.fi\/sivut\/index.php\/wp-json\/wp\/v2\/comments?post=663"}],"version-history":[{"count":16,"href":"https:\/\/dyysg.fi\/sivut\/index.php\/wp-json\/wp\/v2\/pages\/663\/revisions"}],"predecessor-version":[{"id":1085,"href":"https:\/\/dyysg.fi\/sivut\/index.php\/wp-json\/wp\/v2\/pages\/663\/revisions\/1085"}],"wp:attachment":[{"href":"https:\/\/dyysg.fi\/sivut\/index.php\/wp-json\/wp\/v2\/media?parent=663"}],"curies":[{"name":"wp","href":"https:\/\/api.w.org\/{rel}","templated":true}]}}