{"id":53,"date":"2017-11-12T11:13:20","date_gmt":"2017-11-12T09:13:20","guid":{"rendered":"http:\/\/dyysg.fi\/sivut\/?page_id=53"},"modified":"2026-03-29T13:09:59","modified_gmt":"2026-03-29T11:09:59","slug":"liiton-hallitus","status":"publish","type":"page","link":"https:\/\/dyysg.fi\/sivut\/index.php\/liiton-hallitus\/","title":{"rendered":"Hallinto"},"content":{"rendered":"<p>T\u00e4lt\u00e4 sivulta l\u00f6yd\u00e4t seuraavat tiedot:<\/p>\n<ul>\n<li>Liiton hallituksen kokoonpano<\/li>\n<li>Liiton toimintasuunnitelman<\/li>\n<li>J\u00e4senyys ja yhteydenotto asiaa<\/li>\n<li>liiton s\u00e4\u00e4nn\u00f6t<\/li>\n<li>tietosuoja selosteen<\/li>\n<\/ul>\n<h1>Hallitus v. 2025-2026<\/h1>\n<p>Aki Korhonen, puheenjohtaja<\/p>\n<p>Minna Leinonen, varapuheenjohtaja<\/p>\n<p>Arto Alakulju, rahastonhoitaja<\/p>\n<p>Marita Pistemaa, sihteeri<\/p>\n<p>Tiina Turunen, j\u00e4sen<\/p>\n<p>Vuokko Jansson, j\u00e4sen<\/p>\n<p>Satu Herno, j\u00e4sen<\/p>\n<p>Zhuang Yongchang, kunniaj\u00e4sen<\/p>\n<p>Professori Zhang Guangde, \u5f20\u5e7f\u5fb7, kunniapuheenjohtaja<\/p>\n<figure id=\"attachment_33\" aria-describedby=\"caption-attachment-33\" style=\"width: 223px\" class=\"wp-caption alignnone\"><img loading=\"lazy\" decoding=\"async\" class=\"size-medium wp-image-33\" src=\"http:\/\/dyysg.fi\/sivut\/wp-content\/uploads\/2017\/11\/zgd-kasvo-223x300.jpg\" alt=\"\" width=\"223\" height=\"300\" srcset=\"https:\/\/dyysg.fi\/sivut\/wp-content\/uploads\/2017\/11\/zgd-kasvo-223x300.jpg 223w, https:\/\/dyysg.fi\/sivut\/wp-content\/uploads\/2017\/11\/zgd-kasvo.jpg 744w\" sizes=\"auto, (max-width: 223px) 100vw, 223px\" \/><figcaption id=\"caption-attachment-33\" class=\"wp-caption-text\">Professori Zhang Guangde<\/figcaption><\/figure>\n<p>Heti liiton perustamisen j\u00e4lkeen pyysimme professori Zhang Guangde\u00e4 liittomme kunniapuheenjohtajaksi. H\u00e4n suostui siihen mielell\u00e4\u00e4n ja on tyytyv\u00e4inen, ett\u00e4 nyt my\u00f6s Suomessa voi harjoitella h\u00e4nen j\u00e4rjestelm\u00e4\u00e4ns\u00e4 perustuvaa liikuntamuotoa. Toimintamme kannustamiseksi h\u00e4n on tehnyt meille upean kalligrafian, joka n\u00e4kyy etusivullamme.<\/p>\n<h1 align=\"LEFT\">Toimintasuunnitelma vuodelle 2025<\/h1>\n<p>Suomen Dao yin yang sheng gong ry jatkaa my\u00f6s vuonna 2025 lajin tunnettavuuden ja harrastusmahdollisuuksien edist\u00e4mist\u00e4 Suomessa. Liiton tavoitteena on j\u00e4rjest\u00e4\u00e4 kursseja ja leirej\u00e4 ja osallistua mahdollisuuksien mukaan erilaisiin tapahtumiin eri puolilla Suomea.<\/p>\n<p>Liitto tiedottaa toiminnastaan t\u00e4ll\u00e4 verkkosivustolla ja liiton omalla Facebook-sivustolla.<\/p>\n<p>Liitto jakaa tarvittaessa tietoa my\u00f6s muille tahoille, pit\u00e4\u00e4 yhteytt\u00e4 kansallisiin lajiliittoihin ja tiedottaa j\u00e4senilleen lajin kansainv\u00e4lisist\u00e4 tapahtumista. Liitto tekee yhteisty\u00f6t\u00e4 muiden maiden kansallisten lajiliittojen tai seurojen kanssa.<\/p>\n<h2>Tapahtumat ja toiminta<\/h2>\n<p>J\u00e4rjestet\u00e4\u00e4n opetusta live- ja online- Oulun Taiji-seuran qigong-tuntien kautta sek\u00e4 Jyv\u00e4skyl\u00e4ss\u00e4 Vuokko ja Patrik Janssonin toimesta.<\/p>\n<p>Yhdistys suunnittelee lis\u00e4ksi muuta leiri- ja luentotoimintaa.<\/p>\n<p>Yhdistys j\u00e4rjest\u00e4\u00e4 mahdollisuuksien mukaan maksuttomia puistoharjoituksia kes\u00e4ll\u00e4.<\/p>\n<p>Yhdistys j\u00e4rjest\u00e4\u00e4 kursseja eripuolella Suomea ja internetin v\u00e4lityksell\u00e4.<\/p>\n<p>Kansainv\u00e4list\u00e4 yhteisty\u00f6t\u00e4 eri maiden Dyysg-liittojen v\u00e4lill\u00e4 kehitet\u00e4\u00e4n. Esimerkiksi yhteisty\u00f6 Pekingin Urheiluyliopiston professori Hu Xiaofein ja kansainv\u00e4lisen HXF Dyky-organisaation kautta.<\/p>\n<p>Professori Hu Xiaofei on tulossa Ouluun toukokuussa 2025.<\/p>\n<h1>J\u00e4senyys ja yhteydenotto<\/h1>\n<div>Voit anoa Suomen Dao Yin Yang Sheng Gong ry:n henkil\u00f6j\u00e4senyytt\u00e4 ilmoittamalla alla olevat tiedot liiton hallitukselle s\u00e4hk\u00f6postitse.<\/div>\n<div><\/div>\n<div>\n<div>Etu- ja sukunimi<\/div>\n<div>L\u00e4hiosoite<\/div>\n<div>Postinumero ja postitoimipaikka<\/div>\n<div>S\u00e4hk\u00f6postiosoite<\/div>\n<div>Puhelinnumero<\/div>\n<\/div>\n<div><\/div>\n<div>Liit\u00e4th\u00e4n hakemukseen kaikki tarvittavat tiedot huolellisesti, jotta j\u00e4senhakemuksen k\u00e4sitteleminen ei hidastu. Kun j\u00e4senhakemuksesi on k\u00e4sitelty, ilmoitamme siit\u00e4 s\u00e4hk\u00f6postitse ja l\u00e4het\u00e4mme sinulle j\u00e4senmaksun maksutiedot. J\u00e4senyys astuu voimaan j\u00e4senmaksun maksettuasi.<\/div>\n<div><\/div>\n<div>Jos anot liiton j\u00e4senyytt\u00e4 seuralle, ota yhteytt\u00e4 liiton hallitukseen tarvittavista tiedoista.<\/div>\n<div><\/div>\n<div>Liittyess\u00e4si liiton j\u00e4seneksi hyv\u00e4ksyt, ett\u00e4 Suomen Dao Yin Yang Sheng Gong tallentaa j\u00e4sentietosi ja lis\u00e4\u00e4 nimesi ja s\u00e4hk\u00f6postiosoitteesi j\u00e4senpostituslistalle. Voit pyyt\u00e4\u00e4 tietojesi poistamista postituslistalta ilmoittamalla siit\u00e4 liitolle. Lis\u00e4tietoja j\u00e4sentietojen tietosuojasta on\u00a0<a href=\"http:\/\/dyysg.fi\/sivut\/?page_id=492&amp;preview=true\">tietosuojaselosteessa<\/a>.<\/div>\n<div><\/div>\n<div>Lis\u00e4tietoja liiton toiminnasta ja j\u00e4senyydest\u00e4 saa ottamalla yhteytt\u00e4 liiton hallitukseen.<\/div>\n<div>\n<div>S\u00e4hk\u00f6posti: dyysgfi-hallitus(at)googlegrou<wbr \/>ps.com<\/div>\n<div>Facebook:\u00a0<a href=\"https:\/\/www.facebook.com\/Dao-Yin-Yang-Sheng-Gong-Finland-Suomen-Dao-Yin-Yang-Sheng-Gong-2292596041030084\/\"><u>Suomen Dao Yin Yang Sheng Gong<\/u><\/a><\/div>\n<div><\/div>\n<\/div>\n<h1>S\u00e4\u00e4nn\u00f6t<\/h1>\n<p align=\"LEFT\"><strong>Suomen Dao yin yang sheng gong ry s\u00e4\u00e4nn\u00f6t<\/strong><\/p>\n<p align=\"LEFT\"><strong>1. Yhdistyksen nimi ja kotipaikka<\/strong><\/p>\n<p align=\"LEFT\">Yhdistyksen nimi on Suomen Dao yin yang sheng gong ry ja sen kotipaikka on Oulu.<\/p>\n<p align=\"LEFT\"><strong>2. Tarkoitus ja toiminnan laatu<\/strong><\/p>\n<p align=\"LEFT\">Yhdistyksen tarkoituksena on edist\u00e4\u00e4 professori Zhang Guangden luoman dao yin yang sheng gong -terveysliikuntamuodon harrastusta.<\/p>\n<p align=\"LEFT\">Tarkoituksensa toteuttamiseksi yhdistys voi j\u00e4rjest\u00e4\u00e4 tiedotus-, koulutus- ja julkaisutoimintaa. Yhdistys voi toimintaansa varten hankkia varoja ker\u00e4\u00e4m\u00e4ll\u00e4 j\u00e4senilt\u00e4 j\u00e4senmaksuja, j\u00e4rjest\u00e4m\u00e4ll\u00e4 opetus- ja esitelm\u00e4 tilaisuuksia ja ottamalla vastaan lahjoituksia.<\/p>\n<p align=\"LEFT\"><strong>3. J\u00e4senet<\/strong><\/p>\n<p align=\"LEFT\">Yhdistykseen varsinaiseksi j\u00e4seneksi voidaan hyv\u00e4ksy\u00e4 henkil\u00f6, joka hyv\u00e4ksyy yhdistyksen tarkoituksen. Kannattavaksi j\u00e4seneksi voidaan hyv\u00e4ksy\u00e4 yksityinen henkil\u00f6 tai oikeuskelpoinen yhteis\u00f6, joka haluaa tukea yhdistyksen tarkoitusta ja toimintaa. Varsinaiset j\u00e4senet ja kannattavat j\u00e4senet hyv\u00e4ksyy hakemuksesta yhdistyksen hallitus. Kunniapuheenjohtajaksi tai kunniaj\u00e4seneksi voidaan hallituksen esityksest\u00e4 yhdistyksen kokouksessa kutsua henkil\u00f6, joka on huomattavasti edist\u00e4nyt ja tukenut yhdistyksen toimintaa.<\/p>\n<p align=\"LEFT\"><strong>4. Liittymis- ja j\u00e4senmaksu<\/strong><\/p>\n<p align=\"LEFT\">Varsinaisilta j\u00e4senilt\u00e4 ja kannattavilta j\u00e4senilt\u00e4 peritt\u00e4v\u00e4n liittymismaksun ja vuotuisen j\u00e4senmaksun suuruudesta erikseen kummallekin j\u00e4senryhm\u00e4lle p\u00e4\u00e4tt\u00e4\u00e4 vuosikokous. Kunniapuheenjohtaja ja kunniaj\u00e4senet eiv\u00e4t suorita j\u00e4senmaksuja.<\/p>\n<p align=\"LEFT\"><strong>5. Hallitus<\/strong><\/p>\n<p align=\"LEFT\">Yhdistyksen asioita hoitaa hallitus, johon kuuluu vuosikokouksessa valitut puheenjohtaja ja 2-8 muuta varsinaista j\u00e4sent\u00e4 sek\u00e4 0-8 varaj\u00e4sent\u00e4. Hallituksen toimikausi on kaksi (2) vuotta. Hallitus valitsee keskuudestaan varapuheenjohtajan sek\u00e4 ottaa keskuudestaan tai ulkopuoleltaan sihteerin, rahastonhoitajan ja muut tarvittavat toimihenkil\u00f6t. Hallitus kokoontuu puheenjohtajan tai h\u00e4nen estyneen\u00e4 ollessaan varapuheenjohtajan kutsusta, kun he katsovat siihen olevan aihetta tai kun v\u00e4hint\u00e4\u00e4n puolet hallituksen j\u00e4senist\u00e4 sit\u00e4 vaatii. Hallitus on p\u00e4\u00e4t\u00f6svaltainen, kun v\u00e4hint\u00e4\u00e4n puolet sen j\u00e4senist\u00e4, puheenjohtaja tai varapuheenjohtaja mukaan luettuna on l\u00e4sn\u00e4. \u00c4\u00e4nestykset ratkaistaan ehdottomalla \u00e4\u00e4ntenenemmist\u00f6ll\u00e4. \u00c4\u00e4nten menness\u00e4 tasan ratkaisee puheenjohtajan \u00e4\u00e4ni, vaaleissa kuitenkin arpa.<\/p>\n<p align=\"LEFT\"><strong>6. Yhdistyksen nimen kirjoittaminen<\/strong><\/p>\n<p align=\"LEFT\">Yhdistyksen nimen kirjoittaa hallituksen puheenjohtaja, varapuheenjohtaja, sihteeri tai rahastonhoitaja, kukin yksin.<\/p>\n<p align=\"LEFT\"><strong>7. Tilikausi<\/strong><\/p>\n<p align=\"LEFT\">Yhdistyksen tilikausi on kalenterivuosi.<\/p>\n<p align=\"LEFT\"><strong>8. Yhdistyksen kokoukset<\/strong><\/p>\n<p align=\"LEFT\">Yhdistyksen kokoukseen voidaan osallistua hallituksen tai yhdistyksen kokouksen niin p\u00e4\u00e4tt\u00e4ess\u00e4 my\u00f6s postitse taikka tietoliikenneyhteyden tai muun teknisen apuv\u00e4lineen avulla kokouksen aikana tai ennen kokousta. Yhdistyksen vuosikokous pidet\u00e4\u00e4n vuosittain hallituksen m\u00e4\u00e4r\u00e4\u00e4m\u00e4n\u00e4 p\u00e4iv\u00e4n\u00e4 tammi-toukokuussa. Yhdistyksen kokouksissa on jokaisella varsinaisella j\u00e4senell\u00e4, kunniapuheenjohtajalla ja kunniaj\u00e4senell\u00e4 yksi \u00e4\u00e4ni. Kannattavalla j\u00e4senell\u00e4 on kokouksessa l\u00e4sn\u00e4olo- ja puheoikeus. Yhdistyksen kokouksen p\u00e4\u00e4t\u00f6kseksi tulee, ellei s\u00e4\u00e4nn\u00f6iss\u00e4 ole toisin m\u00e4\u00e4r\u00e4tty, se mielipide, jota on kannattanut yli puolet annetuista \u00e4\u00e4nist\u00e4. \u00c4\u00e4nten menness\u00e4 tasan ratkaisee kokouksen puheenjohtajan \u00e4\u00e4ni, vaaleissa kuitenkin arpa.<\/p>\n<p align=\"LEFT\"><strong>9. Yhdistyksen kokousten koollekutsuminen<\/strong><\/p>\n<p align=\"LEFT\">Hallituksen on kutsuttava yhdistyksen kokoukset koolle v\u00e4hint\u00e4\u00e4n seitsem\u00e4n vuorokautta ennen kokousta j\u00e4senille postitetuilla kirjeill\u00e4 tai s\u00e4hk\u00f6postitse.<\/p>\n<p align=\"LEFT\"><strong>10. Vuosikokous<\/strong><\/p>\n<p align=\"LEFT\">Yhdistyksen vuosikokouksessa k\u00e4sitell\u00e4\u00e4n seuraavat asiat:<\/p>\n<p align=\"LEFT\">1. kokouksen avaus<\/p>\n<p align=\"LEFT\">2. valitaan kokouksen puheenjohtaja, sihteeri, kaksi p\u00f6yt\u00e4kirjantarkastajaa ja tarvittaessa kaksi \u00e4\u00e4ntenlaskijaa<\/p>\n<p align=\"LEFT\">3. todetaan kokouksen laillisuus ja p\u00e4\u00e4t\u00f6svaltaisuus<\/p>\n<p align=\"LEFT\">4. hyv\u00e4ksyt\u00e4\u00e4n kokouksen ty\u00f6j\u00e4rjestys<\/p>\n<p align=\"LEFT\">5. esitet\u00e4\u00e4n tilinp\u00e4\u00e4t\u00f6s, vuosikertomus ja toiminnantarkastajien\/tilintarkastajien lausunto<\/p>\n<p align=\"LEFT\">6. p\u00e4\u00e4tet\u00e4\u00e4n tilinp\u00e4\u00e4t\u00f6ksen vahvistamisesta ja vastuuvapauden my\u00f6nt\u00e4misest\u00e4 hallitukselle ja muille vastuuvelvollisille<\/p>\n<p align=\"LEFT\">7. vahvistetaan toimintasuunnitelma, tulo- ja menoarvio sek\u00e4 liittymis- ja j\u00e4senmaksujen suuruudet<\/p>\n<p align=\"LEFT\">8. valitaan hallituksen puheenjohtaja ja muut j\u00e4senet, mik\u00e4li he ovat olleet hallituksessa kaksi vuotta.<\/p>\n<p align=\"LEFT\">9. valitaan yksi tai kaksi toiminnantarkastajaa ja varatoiminnantarkastajaa taikka yksi tai kaksi tilintarkastajaa ja varatilintarkastajaa<\/p>\n<p align=\"LEFT\">10. k\u00e4sitell\u00e4\u00e4n muut kokouskutsussa mainitut asiat.<\/p>\n<p align=\"LEFT\">Mik\u00e4li yhdistyksen j\u00e4sen haluaa saada jonkin asian yhdistyksen vuosikokouksen k\u00e4sitelt\u00e4v\u00e4ksi, on h\u00e4nen ilmoitettava siit\u00e4 kirjallisesti hallitukselle v\u00e4hint\u00e4\u00e4n 30 p\u00e4iv\u00e4\u00e4 ennen vuosikokousta.<\/p>\n<p align=\"LEFT\"><strong>11. S\u00e4\u00e4nt\u00f6jen muuttaminen ja yhdistyksen purkaminen<\/strong><\/p>\n<p align=\"LEFT\">P\u00e4\u00e4t\u00f6s s\u00e4\u00e4nt\u00f6jen muuttamisesta ja yhdistyksen purkamisesta on teht\u00e4v\u00e4 yhdistyksen kokouksessa v\u00e4hint\u00e4\u00e4n kolmen nelj\u00e4sosan (3\/4) enemmist\u00f6ll\u00e4 annetuista \u00e4\u00e4nist\u00e4. Kokouskutsussa on mainittava s\u00e4\u00e4nt\u00f6jen muuttamisesta tai yhdistyksen purkamisesta. Yhdistyksen purkautuessa k\u00e4ytet\u00e4\u00e4n yhdistyksen varat yhdistyksen tarkoituksen edist\u00e4miseen purkamisesta p\u00e4\u00e4tt\u00e4v\u00e4n kokouksen m\u00e4\u00e4r\u00e4\u00e4m\u00e4ll\u00e4 tavalla. Yhdistyksen tullessa lakkautetuksi k\u00e4ytet\u00e4\u00e4n sen varat samaan tarkoitukseen.<\/p>\n<h1>Tietosuojaseloste<\/h1>\n<p>1. Rekisterinpit\u00e4j\u00e4 ja yhteyshenkil\u00f6<br \/>\nRekisterinpit\u00e4j\u00e4: Suomen Dao Yin Yang Sheng Gong ry<br \/>\nS\u00e4hk\u00f6posti: dyysgfi-hallitus(at)googlegroups.com<\/p>\n<p>Rekister\u00f6idyn henkil\u00f6n oikeuksien k\u00e4ytt\u00e4mist\u00e4 koskevat pyynn\u00f6t, t\u00e4h\u00e4n tietosuojaselosteeseen liittyv\u00e4t kysymykset ja muut yhteydenotot tulee tehd\u00e4 s\u00e4hk\u00f6postitse seuran hallitukselle osoitteeseen dyysgfi-hallitus(at)googlegroups.com.<\/p>\n<p>2. Rekisterin nimi<br \/>\nSuomen Dao Yin Yang Sheng Gong ry<br \/>\n\u2013 j\u00e4senrekisteri<br \/>\n\u2013 postituslista j\u00e4sentiedotteita varten<br \/>\n\u2013 laskutustietorekisteri<br \/>\n\u2013 kurssi-ilmoittautumisrekisteri<\/p>\n<p>3. Henkil\u00f6tietojen k\u00e4sittelyn tarkoitus<br \/>\nRekisterin k\u00e4ytt\u00f6tarkoituksena on yhdistyksen j\u00e4senten henkil\u00f6tietojen ajantasainen hallinta j\u00e4senyyden aikana. Henkil\u00f6tietojen k\u00e4sittely perustuu yhdistyksen lains\u00e4\u00e4d\u00e4nn\u00f6lliseen velvoitteeseen yll\u00e4pit\u00e4\u00e4 j\u00e4senrekisteri\u00e4. Suomen Dao Yin Yang Sheng Gong ry yll\u00e4pit\u00e4\u00e4 j\u00e4senrekisteri\u00e4 henkil\u00f6tietoj\u00e4rjestelm\u00e4ss\u00e4, johon ker\u00e4t\u00e4\u00e4n j\u00e4senen nimi, osoite, s\u00e4hk\u00f6postiosoite ja puhelinnumero.<\/p>\n<p>Suomen Dao Yin Yang Sheng Gong ry ker\u00e4\u00e4 j\u00e4senen suostumuksella j\u00e4senen nimen, osoitteen, s\u00e4hk\u00f6postiosoitteen ja puhelinnumeron j\u00e4senen ja yhdistyksen v\u00e4list\u00e4 yhteydenpitoa varten. N\u00e4it\u00e4 tietoja ei luovuteta kolmansille osapuolille eik\u00e4 niit\u00e4 k\u00e4ytet\u00e4 mihink\u00e4\u00e4n muuhun tarkoitukseen. J\u00e4senell\u00e4 on oikeus peruuttaa suostumus milloin tahansa ilmoittamalla t\u00e4st\u00e4 Suomen Dao Yin Yang Sheng Gong ry:lle.<\/p>\n<p>4. Rekisterin tietosis\u00e4lt\u00f6<br \/>\nRekisteriss\u00e4 k\u00e4sitell\u00e4\u00e4n yhdistyksen j\u00e4senien henkil\u00f6- ja yhteystietoja sek\u00e4 muita j\u00e4senyyteen liittyvi\u00e4 tarpeellisia tietoja. Laskutusta ja kurssi-ilmoittautumista varten ker\u00e4t\u00e4\u00e4n nimi, s\u00e4hk\u00f6postisosoite, puhelinnumero sek\u00e4 osoitetietoja. Kurssi-ilmoittautumisia s\u00e4ilytet\u00e4\u00e4n m\u00e4\u00e4r\u00e4aika ja ne poistetaan kurssin j\u00e4lkeen. Suomen Dao Yin Yang Sheng Gong ry yll\u00e4pit\u00e4\u00e4 postituslistaa henkil\u00f6tietoj\u00e4rjestelm\u00e4ss\u00e4, jolla on j\u00e4senen nimi ja s\u00e4hk\u00f6postiosoite.<\/p>\n<p>5. S\u00e4\u00e4nn\u00f6nmukaiset tietol\u00e4hteet<br \/>\nKaikki henkil\u00f6tiedot ovat henkil\u00f6n itsens\u00e4 ilmoittamia.<\/p>\n<p>6. Tietojen s\u00e4\u00e4nn\u00f6nmukaiset luovutukset<br \/>\nSuomen Dao Yin Yang Sheng Gong ry voi luovuttaa tietoja voimassaolevan lains\u00e4\u00e4d\u00e4nn\u00f6n sallimissa ja velvoittamissa rajoissa. Lis\u00e4ksi henkil\u00f6tietoja voidaan luovuttaa yhdistyksen yhteisty\u00f6kumppaneille yhdistyksen j\u00e4senyyteen liittyvien toimenpiteiden ja palveluiden toteuttamiseksi. Muutoin Suomen Dao Yin Yang Sheng Gong ry ei luovuta tietoja kolmansille osapuolille.<\/p>\n<p>7. Tietojen siirto EU.n tai ETA:n ulkopuolelle<br \/>\nSuomen Dao Yin Yang Sheng Gong ry:n k\u00e4ytt\u00e4mien j\u00e4rjestelmien toimittajat voivat k\u00e4ytt\u00e4\u00e4 toiminnassaan alihankkijoita. Henkil\u00f6tietoja voidaan siirt\u00e4\u00e4 tarpeellisessa m\u00e4\u00e4rin palveluiden tarjoamiseksi EU\/ETA:n ulkopuolelle. Suomen Dao Yin Yang Sheng Gong ry ei siirr\u00e4 henkil\u00f6tietoja EU:n tai ETA:n ulkopuolelle.<\/p>\n<p>Henkil\u00f6tietoihin ei anneta p\u00e4\u00e4sy\u00e4 enemp\u00e4\u00e4 kuin on v\u00e4ltt\u00e4m\u00e4t\u00f6nt\u00e4 palveluiden toteuttamiseksi. Henkil\u00f6tietojen siirto EU:n tai ETA:n ulkopuolelle perustuu aina voimassaolevaan henkil\u00f6tietojen k\u00e4sittely\u00e4 koskevaan lains\u00e4\u00e4d\u00e4nt\u00f6\u00f6n ja toteutetaan kyseisen lains\u00e4\u00e4d\u00e4nn\u00f6n mukaisesti.<\/p>\n<p>8. Rekisterin suojauksen periaatteet<br \/>\nManuaalinen aineisto (tulosteet) k\u00e4sitell\u00e4\u00e4n luottamuksellisesti ja siihen voi olla p\u00e4\u00e4sy vain Suomen Dao Yin Yang Sheng Gong ry:n hallitukseen kuuluvilla henkil\u00f6ill\u00e4. Manuaalinen aineisto s\u00e4ilytet\u00e4\u00e4n ja h\u00e4vitet\u00e4\u00e4n asianmukaisella tavalla, siten ettei ulkopuolisilla ole siihen p\u00e4\u00e4sy\u00e4.<br \/>\nDigitaalisesti k\u00e4sitelt\u00e4v\u00e4t tiedot on tallennettu henkil\u00f6tietoj\u00e4rjestelm\u00e4\u00e4n, johon on rajattu p\u00e4\u00e4sy vain yhdistyksen hallitukseen kuuluvilla henkil\u00f6ill\u00e4, jotka tarvitsevat kyseisi\u00e4 tietoja teht\u00e4viens\u00e4 hoitamiseksi.<\/p>\n<p>9. Tarkastusoikeus<br \/>\nHenkil\u00f6ll\u00e4 on oikeus pyyt\u00e4\u00e4 n\u00e4ht\u00e4v\u00e4kseen itse\u00e4\u00e4n koskevat tiedot. N\u00e4m\u00e4 on toimitettava 30 p\u00e4iv\u00e4n sis\u00e4ll\u00e4 pyynn\u00f6st\u00e4.<\/p>\n<p>10. Rekister\u00f6idyn oikeudet<br \/>\nRekister\u00f6idyll\u00e4 henkil\u00f6ll\u00e4 on oikeus soveltuvan tietosuojalains\u00e4\u00e4d\u00e4nn\u00f6n mukaisesti milloin tahansa:<\/p>\n<p>\u2013 saada tieto henkil\u00f6tietojensa k\u00e4sittelyst\u00e4<br \/>\n\u2013 saada p\u00e4\u00e4sy omiin tietoihinsa ja tarkastaa itse\u00e4\u00e4n koskevat yhdistyksen k\u00e4sittelem\u00e4t henkil\u00f6tiedot<br \/>\n\u2013 pyyt\u00e4\u00e4 virheellisten tietojen oikaisua ja t\u00e4ydent\u00e4mist\u00e4<br \/>\n\u2013 vaatia henkil\u00f6tietojensa poistamista<br \/>\n\u2013 peruuttaa suostumuksena s\u00e4hk\u00f6postiosoitteen ja\/tai puhelinnumeron k\u00e4sittelyn osalta<\/p>\n<p>Yhdistys voi pyyt\u00e4\u00e4 rekister\u00f6ity\u00e4 henkil\u00f6\u00e4 tarkentamaan pyynt\u00f6\u00e4\u00e4n ja varmentamaan rekister\u00f6idyn henkil\u00f6llisyyden ennen pyynn\u00f6n k\u00e4sittelemist\u00e4. Yhdistys voi kielt\u00e4yty\u00e4 pyynn\u00f6n toteuttamisesta sovellettavassa laissa s\u00e4\u00e4detyll\u00e4 perusteella.<\/p>\n<p>11. Muut henkil\u00f6tietojen k\u00e4sittelyyn liittyv\u00e4t oikeudet<br \/>\nHenkil\u00f6ll\u00e4 on oikeus tehd\u00e4 valitus valvontaviranomaiselle, jos h\u00e4n kokee, ett\u00e4 h\u00e4nen oikeuksiaan on loukattu<\/p>\n<p>12. Muutokset t\u00e4h\u00e4n tietosuojaselosteeseen<br \/>\nT\u00e4t\u00e4 tietosuojaselostetta voidaan p\u00e4ivitt\u00e4\u00e4 aika ajoin esimerkiksi lains\u00e4\u00e4d\u00e4nn\u00f6n muuttuessa. T\u00e4m\u00e4 tietosuojaseloste on viimeksi p\u00e4ivitetty 31.1.2019.<\/p>\n","protected":false},"excerpt":{"rendered":"<p>T\u00e4lt\u00e4 sivulta l\u00f6yd\u00e4t seuraavat tiedot: Liiton hallituksen kokoonpano Liiton toimintasuunnitelman J\u00e4senyys ja yhteydenotto asiaa liiton s\u00e4\u00e4nn\u00f6t tietosuoja selosteen Hallitus v. 2025-2026 Aki Korhonen, puheenjohtaja Minna Leinonen, varapuheenjohtaja Arto Alakulju, rahastonhoitaja <a href=\"https:\/\/dyysg.fi\/sivut\/index.php\/liiton-hallitus\/\" class=\"read-more button-fancy -red\"><span class=\"btn-arrow\"><\/span><span class=\"twp-read-more text\">Lue lis\u00e4\u00e4<\/span><\/a><\/p>\n","protected":false},"author":3,"featured_media":0,"parent":0,"menu_order":0,"comment_status":"closed","ping_status":"closed","template":"","meta":{"footnotes":""},"class_list":["post-53","page","type-page","status-publish","hentry"],"_links":{"self":[{"href":"https:\/\/dyysg.fi\/sivut\/index.php\/wp-json\/wp\/v2\/pages\/53","targetHints":{"allow":["GET"]}}],"collection":[{"href":"https:\/\/dyysg.fi\/sivut\/index.php\/wp-json\/wp\/v2\/pages"}],"about":[{"href":"https:\/\/dyysg.fi\/sivut\/index.php\/wp-json\/wp\/v2\/types\/page"}],"author":[{"embeddable":true,"href":"https:\/\/dyysg.fi\/sivut\/index.php\/wp-json\/wp\/v2\/users\/3"}],"replies":[{"embeddable":true,"href":"https:\/\/dyysg.fi\/sivut\/index.php\/wp-json\/wp\/v2\/comments?post=53"}],"version-history":[{"count":21,"href":"https:\/\/dyysg.fi\/sivut\/index.php\/wp-json\/wp\/v2\/pages\/53\/revisions"}],"predecessor-version":[{"id":1120,"href":"https:\/\/dyysg.fi\/sivut\/index.php\/wp-json\/wp\/v2\/pages\/53\/revisions\/1120"}],"wp:attachment":[{"href":"https:\/\/dyysg.fi\/sivut\/index.php\/wp-json\/wp\/v2\/media?parent=53"}],"curies":[{"name":"wp","href":"https:\/\/api.w.org\/{rel}","templated":true}]}}