{"id":182,"date":"2017-11-12T14:49:12","date_gmt":"2017-11-12T12:49:12","guid":{"rendered":"http:\/\/dyysg.fi\/sivut\/?page_id=182"},"modified":"2025-04-15T21:55:44","modified_gmt":"2025-04-15T19:55:44","slug":"galleria","status":"publish","type":"page","link":"https:\/\/dyysg.fi\/sivut\/index.php\/galleria\/","title":{"rendered":"Galleria"},"content":{"rendered":"<h1>2019<\/h1>\n<p><img loading=\"lazy\" decoding=\"async\" class=\"alignnone  wp-image-597\" src=\"http:\/\/dyysg.fi\/sivut\/wp-content\/uploads\/2019-2-0-2000x1099.jpg\" alt=\"\" width=\"595\" height=\"327\" srcset=\"https:\/\/dyysg.fi\/sivut\/wp-content\/uploads\/2019-2-0-2000x1099.jpg 2000w, https:\/\/dyysg.fi\/sivut\/wp-content\/uploads\/2019-2-0-1000x549.jpg 1000w, https:\/\/dyysg.fi\/sivut\/wp-content\/uploads\/2019-2-0-768x422.jpg 768w, https:\/\/dyysg.fi\/sivut\/wp-content\/uploads\/2019-2-0.jpg 2022w\" sizes=\"auto, (max-width: 595px) 100vw, 595px\" \/> <img loading=\"lazy\" decoding=\"async\" class=\"alignnone  wp-image-601\" src=\"http:\/\/dyysg.fi\/sivut\/wp-content\/uploads\/2019-2-4-2000x1328.jpg\" alt=\"\" width=\"461\" height=\"306\" srcset=\"https:\/\/dyysg.fi\/sivut\/wp-content\/uploads\/2019-2-4-2000x1328.jpg 2000w, https:\/\/dyysg.fi\/sivut\/wp-content\/uploads\/2019-2-4-1000x664.jpg 1000w, https:\/\/dyysg.fi\/sivut\/wp-content\/uploads\/2019-2-4-768x510.jpg 768w, https:\/\/dyysg.fi\/sivut\/wp-content\/uploads\/2019-2-4-900x600.jpg 900w, https:\/\/dyysg.fi\/sivut\/wp-content\/uploads\/2019-2-4.jpg 2048w\" sizes=\"auto, (max-width: 461px) 100vw, 461px\" \/> <img loading=\"lazy\" decoding=\"async\" class=\"alignnone  wp-image-600\" src=\"http:\/\/dyysg.fi\/sivut\/wp-content\/uploads\/2019-2-3.jpg\" alt=\"\" width=\"256\" height=\"386\" \/><\/p>\n<p><img loading=\"lazy\" decoding=\"async\" class=\"alignnone  wp-image-599\" src=\"http:\/\/dyysg.fi\/sivut\/wp-content\/uploads\/2019-2-2-2000x955.jpg\" alt=\"\" width=\"662\" height=\"316\" srcset=\"https:\/\/dyysg.fi\/sivut\/wp-content\/uploads\/2019-2-2-2000x955.jpg 2000w, https:\/\/dyysg.fi\/sivut\/wp-content\/uploads\/2019-2-2-1000x477.jpg 1000w, https:\/\/dyysg.fi\/sivut\/wp-content\/uploads\/2019-2-2-768x367.jpg 768w\" sizes=\"auto, (max-width: 662px) 100vw, 662px\" \/> <img loading=\"lazy\" decoding=\"async\" class=\"alignnone  wp-image-602\" src=\"http:\/\/dyysg.fi\/sivut\/wp-content\/uploads\/2019-3-maalis.jpg\" alt=\"\" width=\"527\" height=\"395\" srcset=\"https:\/\/dyysg.fi\/sivut\/wp-content\/uploads\/2019-3-maalis.jpg 1715w, https:\/\/dyysg.fi\/sivut\/wp-content\/uploads\/2019-3-maalis-1000x750.jpg 1000w, https:\/\/dyysg.fi\/sivut\/wp-content\/uploads\/2019-3-maalis-768x576.jpg 768w\" sizes=\"auto, (max-width: 527px) 100vw, 527px\" \/>\u00a0 \u00a0<img loading=\"lazy\" decoding=\"async\" class=\"alignnone  wp-image-598\" src=\"http:\/\/dyysg.fi\/sivut\/wp-content\/uploads\/2019-2-1.jpg\" alt=\"\" width=\"188\" height=\"284\" \/><\/p>\n<p><img loading=\"lazy\" decoding=\"async\" class=\"alignnone  wp-image-603\" src=\"http:\/\/dyysg.fi\/sivut\/wp-content\/uploads\/2019-3-maaliskuu-maksa-leiri.jpg\" alt=\"\" width=\"644\" height=\"426\" srcset=\"https:\/\/dyysg.fi\/sivut\/wp-content\/uploads\/2019-3-maaliskuu-maksa-leiri.jpg 1646w, https:\/\/dyysg.fi\/sivut\/wp-content\/uploads\/2019-3-maaliskuu-maksa-leiri-1000x662.jpg 1000w, https:\/\/dyysg.fi\/sivut\/wp-content\/uploads\/2019-3-maaliskuu-maksa-leiri-768x509.jpg 768w\" sizes=\"auto, (max-width: 644px) 100vw, 644px\" \/><\/p>\n<p><img loading=\"lazy\" decoding=\"async\" class=\"alignnone size-full wp-image-608\" src=\"http:\/\/dyysg.fi\/sivut\/wp-content\/uploads\/2019-4-3.jpg\" alt=\"\" width=\"1984\" height=\"1120\" srcset=\"https:\/\/dyysg.fi\/sivut\/wp-content\/uploads\/2019-4-3.jpg 1984w, https:\/\/dyysg.fi\/sivut\/wp-content\/uploads\/2019-4-3-1000x565.jpg 1000w, https:\/\/dyysg.fi\/sivut\/wp-content\/uploads\/2019-4-3-768x434.jpg 768w\" sizes=\"auto, (max-width: 1984px) 100vw, 1984px\" \/><\/p>\n<p><img loading=\"lazy\" decoding=\"async\" class=\"alignnone  wp-image-607\" src=\"http:\/\/dyysg.fi\/sivut\/wp-content\/uploads\/2019-4-2-2000x972.jpg\" alt=\"\" width=\"494\" height=\"240\" srcset=\"https:\/\/dyysg.fi\/sivut\/wp-content\/uploads\/2019-4-2-2000x972.jpg 2000w, https:\/\/dyysg.fi\/sivut\/wp-content\/uploads\/2019-4-2-1000x486.jpg 1000w, https:\/\/dyysg.fi\/sivut\/wp-content\/uploads\/2019-4-2-768x373.jpg 768w, https:\/\/dyysg.fi\/sivut\/wp-content\/uploads\/2019-4-2.jpg 2016w\" sizes=\"auto, (max-width: 494px) 100vw, 494px\" \/> <img loading=\"lazy\" decoding=\"async\" class=\"alignnone size-medium wp-image-606\" src=\"http:\/\/dyysg.fi\/sivut\/wp-content\/uploads\/2019-4-1-2000x972.jpg\" alt=\"\" width=\"2000\" height=\"972\" srcset=\"https:\/\/dyysg.fi\/sivut\/wp-content\/uploads\/2019-4-1-2000x972.jpg 2000w, https:\/\/dyysg.fi\/sivut\/wp-content\/uploads\/2019-4-1-1000x486.jpg 1000w, https:\/\/dyysg.fi\/sivut\/wp-content\/uploads\/2019-4-1-768x373.jpg 768w, https:\/\/dyysg.fi\/sivut\/wp-content\/uploads\/2019-4-1.jpg 2016w\" sizes=\"auto, (max-width: 2000px) 100vw, 2000px\" \/> <img loading=\"lazy\" decoding=\"async\" class=\"alignnone size-medium wp-image-605\" src=\"http:\/\/dyysg.fi\/sivut\/wp-content\/uploads\/2019-4-0-2000x972.jpg\" alt=\"\" width=\"2000\" height=\"972\" srcset=\"https:\/\/dyysg.fi\/sivut\/wp-content\/uploads\/2019-4-0-2000x972.jpg 2000w, https:\/\/dyysg.fi\/sivut\/wp-content\/uploads\/2019-4-0-1000x486.jpg 1000w, https:\/\/dyysg.fi\/sivut\/wp-content\/uploads\/2019-4-0-768x373.jpg 768w, https:\/\/dyysg.fi\/sivut\/wp-content\/uploads\/2019-4-0.jpg 2016w\" sizes=\"auto, (max-width: 2000px) 100vw, 2000px\" \/> <img loading=\"lazy\" decoding=\"async\" class=\"alignnone  wp-image-604\" src=\"http:\/\/dyysg.fi\/sivut\/wp-content\/uploads\/2019-4-0-0.jpg\" alt=\"\" width=\"599\" height=\"449\" srcset=\"https:\/\/dyysg.fi\/sivut\/wp-content\/uploads\/2019-4-0-0.jpg 960w, https:\/\/dyysg.fi\/sivut\/wp-content\/uploads\/2019-4-0-0-768x576.jpg 768w\" sizes=\"auto, (max-width: 599px) 100vw, 599px\" \/> <img loading=\"lazy\" decoding=\"async\" class=\"alignnone  wp-image-609\" src=\"http:\/\/dyysg.fi\/sivut\/wp-content\/uploads\/2019-5-1.jpg\" alt=\"\" width=\"297\" height=\"290\" srcset=\"https:\/\/dyysg.fi\/sivut\/wp-content\/uploads\/2019-5-1.jpg 960w, https:\/\/dyysg.fi\/sivut\/wp-content\/uploads\/2019-5-1-768x750.jpg 768w\" sizes=\"auto, (max-width: 297px) 100vw, 297px\" \/>\u00a0 \u00a0 <img loading=\"lazy\" decoding=\"async\" class=\"alignnone  wp-image-610\" src=\"http:\/\/dyysg.fi\/sivut\/wp-content\/uploads\/2019-5-2-2000x1328.jpg\" alt=\"\" width=\"415\" height=\"276\" srcset=\"https:\/\/dyysg.fi\/sivut\/wp-content\/uploads\/2019-5-2-2000x1328.jpg 2000w, https:\/\/dyysg.fi\/sivut\/wp-content\/uploads\/2019-5-2-1000x664.jpg 1000w, https:\/\/dyysg.fi\/sivut\/wp-content\/uploads\/2019-5-2-768x510.jpg 768w, https:\/\/dyysg.fi\/sivut\/wp-content\/uploads\/2019-5-2-900x600.jpg 900w, https:\/\/dyysg.fi\/sivut\/wp-content\/uploads\/2019-5-2.jpg 2048w\" sizes=\"auto, (max-width: 415px) 100vw, 415px\" \/><\/p>\n<p><img loading=\"lazy\" decoding=\"async\" class=\"alignnone size-full wp-image-611\" src=\"http:\/\/dyysg.fi\/sivut\/wp-content\/uploads\/2019-5-3.jpg\" alt=\"\" width=\"1200\" height=\"528\" srcset=\"https:\/\/dyysg.fi\/sivut\/wp-content\/uploads\/2019-5-3.jpg 1200w, https:\/\/dyysg.fi\/sivut\/wp-content\/uploads\/2019-5-3-1000x440.jpg 1000w, https:\/\/dyysg.fi\/sivut\/wp-content\/uploads\/2019-5-3-768x338.jpg 768w\" sizes=\"auto, (max-width: 1200px) 100vw, 1200px\" \/><\/p>\n<p><img loading=\"lazy\" decoding=\"async\" class=\"alignnone  wp-image-612\" src=\"http:\/\/dyysg.fi\/sivut\/wp-content\/uploads\/2019-5-4.jpg\" alt=\"\" width=\"737\" height=\"488\" srcset=\"https:\/\/dyysg.fi\/sivut\/wp-content\/uploads\/2019-5-4.jpg 1600w, https:\/\/dyysg.fi\/sivut\/wp-content\/uploads\/2019-5-4-1000x662.jpg 1000w, https:\/\/dyysg.fi\/sivut\/wp-content\/uploads\/2019-5-4-768x508.jpg 768w\" sizes=\"auto, (max-width: 737px) 100vw, 737px\" \/><\/p>\n<p><img loading=\"lazy\" decoding=\"async\" class=\"alignnone  wp-image-639\" src=\"http:\/\/dyysg.fi\/sivut\/wp-content\/uploads\/dk_DSC04640-2000x1333.jpg\" alt=\"\" width=\"629\" height=\"419\" srcset=\"https:\/\/dyysg.fi\/sivut\/wp-content\/uploads\/dk_DSC04640-2000x1333.jpg 2000w, https:\/\/dyysg.fi\/sivut\/wp-content\/uploads\/dk_DSC04640-1000x667.jpg 1000w, https:\/\/dyysg.fi\/sivut\/wp-content\/uploads\/dk_DSC04640-768x512.jpg 768w, https:\/\/dyysg.fi\/sivut\/wp-content\/uploads\/dk_DSC04640-900x600.jpg 900w\" sizes=\"auto, (max-width: 629px) 100vw, 629px\" \/><\/p>\n<p><img loading=\"lazy\" decoding=\"async\" class=\"alignnone size-full wp-image-678\" src=\"http:\/\/dyysg.fi\/sivut\/wp-content\/uploads\/20190928_212609.jpg\" alt=\"\" width=\"1596\" height=\"984\" srcset=\"https:\/\/dyysg.fi\/sivut\/wp-content\/uploads\/20190928_212609.jpg 1596w, https:\/\/dyysg.fi\/sivut\/wp-content\/uploads\/20190928_212609-1000x617.jpg 1000w, https:\/\/dyysg.fi\/sivut\/wp-content\/uploads\/20190928_212609-768x474.jpg 768w\" sizes=\"auto, (max-width: 1596px) 100vw, 1596px\" \/><\/p>\n<p><img loading=\"lazy\" decoding=\"async\" class=\"alignnone  wp-image-693\" src=\"http:\/\/dyysg.fi\/sivut\/wp-content\/uploads\/fb_20191013_150626-2000x1499.jpg\" alt=\"\" width=\"683\" height=\"512\" srcset=\"https:\/\/dyysg.fi\/sivut\/wp-content\/uploads\/fb_20191013_150626-2000x1499.jpg 2000w, https:\/\/dyysg.fi\/sivut\/wp-content\/uploads\/fb_20191013_150626-1000x750.jpg 1000w, https:\/\/dyysg.fi\/sivut\/wp-content\/uploads\/fb_20191013_150626-768x576.jpg 768w\" sizes=\"auto, (max-width: 683px) 100vw, 683px\" \/><\/p>\n<h1>2018<\/h1>\n<p><img loading=\"lazy\" decoding=\"async\" class=\"alignnone  wp-image-576\" src=\"http:\/\/dyysg.fi\/sivut\/wp-content\/uploads\/2018-helmikuu_maksa-leiri.jpg\" alt=\"\" width=\"459\" height=\"304\" srcset=\"https:\/\/dyysg.fi\/sivut\/wp-content\/uploads\/2018-helmikuu_maksa-leiri.jpg 1232w, https:\/\/dyysg.fi\/sivut\/wp-content\/uploads\/2018-helmikuu_maksa-leiri-1000x662.jpg 1000w, https:\/\/dyysg.fi\/sivut\/wp-content\/uploads\/2018-helmikuu_maksa-leiri-768x509.jpg 768w\" sizes=\"auto, (max-width: 459px) 100vw, 459px\" \/> <img loading=\"lazy\" decoding=\"async\" class=\"alignnone  wp-image-574\" src=\"http:\/\/dyysg.fi\/sivut\/wp-content\/uploads\/2018-helmikuu-maksa.jpg\" alt=\"\" width=\"361\" height=\"239\" srcset=\"https:\/\/dyysg.fi\/sivut\/wp-content\/uploads\/2018-helmikuu-maksa.jpg 1232w, https:\/\/dyysg.fi\/sivut\/wp-content\/uploads\/2018-helmikuu-maksa-1000x662.jpg 1000w, https:\/\/dyysg.fi\/sivut\/wp-content\/uploads\/2018-helmikuu-maksa-768x509.jpg 768w\" sizes=\"auto, (max-width: 361px) 100vw, 361px\" \/><\/p>\n<p><img loading=\"lazy\" decoding=\"async\" class=\"alignnone  wp-image-963\" src=\"http:\/\/dyysg.fi\/sivut\/wp-content\/uploads\/DSC_5547_016-1.jpg\" alt=\"\" width=\"562\" height=\"373\" srcset=\"https:\/\/dyysg.fi\/sivut\/wp-content\/uploads\/DSC_5547_016-1.jpg 1200w, https:\/\/dyysg.fi\/sivut\/wp-content\/uploads\/DSC_5547_016-1-1000x664.jpg 1000w, https:\/\/dyysg.fi\/sivut\/wp-content\/uploads\/DSC_5547_016-1-768x510.jpg 768w\" sizes=\"auto, (max-width: 562px) 100vw, 562px\" \/><\/p>\n<p>Liiton ensimm\u00e4inen opintomatka Pekingin urheilu yliopistoon<\/p>\n<p><img loading=\"lazy\" decoding=\"async\" class=\"alignnone  wp-image-964\" src=\"http:\/\/dyysg.fi\/sivut\/wp-content\/uploads\/DSC_5254_008-1.jpg\" alt=\"\" width=\"319\" height=\"212\" srcset=\"https:\/\/dyysg.fi\/sivut\/wp-content\/uploads\/DSC_5254_008-1.jpg 1200w, https:\/\/dyysg.fi\/sivut\/wp-content\/uploads\/DSC_5254_008-1-1000x664.jpg 1000w, https:\/\/dyysg.fi\/sivut\/wp-content\/uploads\/DSC_5254_008-1-768x510.jpg 768w, https:\/\/dyysg.fi\/sivut\/wp-content\/uploads\/DSC_5254_008-1-900x600.jpg 900w\" sizes=\"auto, (max-width: 319px) 100vw, 319px\" \/> <img loading=\"lazy\" decoding=\"async\" class=\"alignnone  wp-image-965\" src=\"http:\/\/dyysg.fi\/sivut\/wp-content\/uploads\/DSC_5280_009-1.jpg\" alt=\"\" width=\"159\" height=\"239\" srcset=\"https:\/\/dyysg.fi\/sivut\/wp-content\/uploads\/DSC_5280_009-1.jpg 797w, https:\/\/dyysg.fi\/sivut\/wp-content\/uploads\/DSC_5280_009-1-664x1000.jpg 664w, https:\/\/dyysg.fi\/sivut\/wp-content\/uploads\/DSC_5280_009-1-768x1156.jpg 768w\" sizes=\"auto, (max-width: 159px) 100vw, 159px\" \/> <img loading=\"lazy\" decoding=\"async\" class=\"alignnone  wp-image-966\" src=\"http:\/\/dyysg.fi\/sivut\/wp-content\/uploads\/DSC_5642_017-1.jpg\" alt=\"\" width=\"308\" height=\"205\" srcset=\"https:\/\/dyysg.fi\/sivut\/wp-content\/uploads\/DSC_5642_017-1.jpg 1200w, https:\/\/dyysg.fi\/sivut\/wp-content\/uploads\/DSC_5642_017-1-1000x664.jpg 1000w, https:\/\/dyysg.fi\/sivut\/wp-content\/uploads\/DSC_5642_017-1-768x510.jpg 768w, https:\/\/dyysg.fi\/sivut\/wp-content\/uploads\/DSC_5642_017-1-900x600.jpg 900w\" sizes=\"auto, (max-width: 308px) 100vw, 308px\" \/><\/p>\n<p><img loading=\"lazy\" decoding=\"async\" class=\"alignnone  wp-image-967\" src=\"http:\/\/dyysg.fi\/sivut\/wp-content\/uploads\/DSC_5873_026-1.jpg\" alt=\"\" width=\"520\" height=\"430\" srcset=\"https:\/\/dyysg.fi\/sivut\/wp-content\/uploads\/DSC_5873_026-1.jpg 1200w, https:\/\/dyysg.fi\/sivut\/wp-content\/uploads\/DSC_5873_026-1-1000x827.jpg 1000w, https:\/\/dyysg.fi\/sivut\/wp-content\/uploads\/DSC_5873_026-1-768x635.jpg 768w\" sizes=\"auto, (max-width: 520px) 100vw, 520px\" \/><\/p>\n<p><img loading=\"lazy\" decoding=\"async\" class=\"alignnone  wp-image-589\" src=\"http:\/\/dyysg.fi\/sivut\/wp-content\/uploads\/2018-kesakuu-sydan.jpg\" alt=\"\" width=\"645\" height=\"427\" srcset=\"https:\/\/dyysg.fi\/sivut\/wp-content\/uploads\/2018-kesakuu-sydan.jpg 1232w, https:\/\/dyysg.fi\/sivut\/wp-content\/uploads\/2018-kesakuu-sydan-1000x662.jpg 1000w, https:\/\/dyysg.fi\/sivut\/wp-content\/uploads\/2018-kesakuu-sydan-768x509.jpg 768w\" sizes=\"auto, (max-width: 645px) 100vw, 645px\" \/><img loading=\"lazy\" decoding=\"async\" class=\"alignnone  wp-image-588\" src=\"http:\/\/dyysg.fi\/sivut\/wp-content\/uploads\/2018-kesakuu-reenia.jpg\" alt=\"\" width=\"394\" height=\"261\" srcset=\"https:\/\/dyysg.fi\/sivut\/wp-content\/uploads\/2018-kesakuu-reenia.jpg 1232w, https:\/\/dyysg.fi\/sivut\/wp-content\/uploads\/2018-kesakuu-reenia-1000x662.jpg 1000w, https:\/\/dyysg.fi\/sivut\/wp-content\/uploads\/2018-kesakuu-reenia-768x509.jpg 768w\" sizes=\"auto, (max-width: 394px) 100vw, 394px\" \/><img loading=\"lazy\" decoding=\"async\" class=\"alignnone  wp-image-587\" src=\"http:\/\/dyysg.fi\/sivut\/wp-content\/uploads\/2018-kesakuu-piirros.jpg\" alt=\"\" width=\"367\" height=\"243\" srcset=\"https:\/\/dyysg.fi\/sivut\/wp-content\/uploads\/2018-kesakuu-piirros.jpg 1232w, https:\/\/dyysg.fi\/sivut\/wp-content\/uploads\/2018-kesakuu-piirros-1000x662.jpg 1000w, https:\/\/dyysg.fi\/sivut\/wp-content\/uploads\/2018-kesakuu-piirros-768x509.jpg 768w\" sizes=\"auto, (max-width: 367px) 100vw, 367px\" \/><\/p>\n<p><img loading=\"lazy\" decoding=\"async\" class=\"alignnone  wp-image-590\" src=\"http:\/\/dyysg.fi\/sivut\/wp-content\/uploads\/2018-kesakuu-zgd-esittelya.jpg\" alt=\"\" width=\"361\" height=\"239\" srcset=\"https:\/\/dyysg.fi\/sivut\/wp-content\/uploads\/2018-kesakuu-zgd-esittelya.jpg 1232w, https:\/\/dyysg.fi\/sivut\/wp-content\/uploads\/2018-kesakuu-zgd-esittelya-1000x662.jpg 1000w, https:\/\/dyysg.fi\/sivut\/wp-content\/uploads\/2018-kesakuu-zgd-esittelya-768x509.jpg 768w\" sizes=\"auto, (max-width: 361px) 100vw, 361px\" \/> <img loading=\"lazy\" decoding=\"async\" class=\"alignnone  wp-image-584\" src=\"http:\/\/dyysg.fi\/sivut\/wp-content\/uploads\/2018-heinakuu.jpg\" alt=\"\" width=\"400\" height=\"265\" srcset=\"https:\/\/dyysg.fi\/sivut\/wp-content\/uploads\/2018-heinakuu.jpg 1232w, https:\/\/dyysg.fi\/sivut\/wp-content\/uploads\/2018-heinakuu-1000x662.jpg 1000w, https:\/\/dyysg.fi\/sivut\/wp-content\/uploads\/2018-heinakuu-768x509.jpg 768w\" sizes=\"auto, (max-width: 400px) 100vw, 400px\" \/><\/p>\n<p><img loading=\"lazy\" decoding=\"async\" class=\"alignnone  wp-image-583\" src=\"http:\/\/dyysg.fi\/sivut\/wp-content\/uploads\/2018-heinakuu-vatsa-ja-perna.jpg\" alt=\"\" width=\"538\" height=\"356\" srcset=\"https:\/\/dyysg.fi\/sivut\/wp-content\/uploads\/2018-heinakuu-vatsa-ja-perna.jpg 1232w, https:\/\/dyysg.fi\/sivut\/wp-content\/uploads\/2018-heinakuu-vatsa-ja-perna-1000x662.jpg 1000w, https:\/\/dyysg.fi\/sivut\/wp-content\/uploads\/2018-heinakuu-vatsa-ja-perna-768x509.jpg 768w\" sizes=\"auto, (max-width: 538px) 100vw, 538px\" \/> <img loading=\"lazy\" decoding=\"async\" class=\"alignnone  wp-image-582\" src=\"http:\/\/dyysg.fi\/sivut\/wp-content\/uploads\/2018-heinakuu-renia.jpg\" alt=\"\" width=\"444\" height=\"294\" srcset=\"https:\/\/dyysg.fi\/sivut\/wp-content\/uploads\/2018-heinakuu-renia.jpg 1232w, https:\/\/dyysg.fi\/sivut\/wp-content\/uploads\/2018-heinakuu-renia-1000x662.jpg 1000w, https:\/\/dyysg.fi\/sivut\/wp-content\/uploads\/2018-heinakuu-renia-768x509.jpg 768w\" sizes=\"auto, (max-width: 444px) 100vw, 444px\" \/> <img loading=\"lazy\" decoding=\"async\" class=\"alignnone size-full wp-image-592\" src=\"http:\/\/dyysg.fi\/sivut\/wp-content\/uploads\/2018-lokakuu-keuhkot.jpg\" alt=\"\" width=\"1232\" height=\"816\" srcset=\"https:\/\/dyysg.fi\/sivut\/wp-content\/uploads\/2018-lokakuu-keuhkot.jpg 1232w, https:\/\/dyysg.fi\/sivut\/wp-content\/uploads\/2018-lokakuu-keuhkot-1000x662.jpg 1000w, https:\/\/dyysg.fi\/sivut\/wp-content\/uploads\/2018-lokakuu-keuhkot-768x509.jpg 768w\" sizes=\"auto, (max-width: 1232px) 100vw, 1232px\" \/><\/p>\n<p><img loading=\"lazy\" decoding=\"async\" class=\"alignnone  wp-image-591\" src=\"http:\/\/dyysg.fi\/sivut\/wp-content\/uploads\/2018-lokakuu-dyysg-taiji-esittelya.jpg\" alt=\"\" width=\"496\" height=\"329\" srcset=\"https:\/\/dyysg.fi\/sivut\/wp-content\/uploads\/2018-lokakuu-dyysg-taiji-esittelya.jpg 1150w, https:\/\/dyysg.fi\/sivut\/wp-content\/uploads\/2018-lokakuu-dyysg-taiji-esittelya-1000x663.jpg 1000w, https:\/\/dyysg.fi\/sivut\/wp-content\/uploads\/2018-lokakuu-dyysg-taiji-esittelya-768x509.jpg 768w\" sizes=\"auto, (max-width: 496px) 100vw, 496px\" \/>\u00a0 \u00a0<img loading=\"lazy\" decoding=\"async\" class=\"alignnone  wp-image-585\" src=\"http:\/\/dyysg.fi\/sivut\/wp-content\/uploads\/2018-joulukuu-luentoa.jpg\" alt=\"\" width=\"296\" height=\"196\" srcset=\"https:\/\/dyysg.fi\/sivut\/wp-content\/uploads\/2018-joulukuu-luentoa.jpg 1848w, https:\/\/dyysg.fi\/sivut\/wp-content\/uploads\/2018-joulukuu-luentoa-1000x662.jpg 1000w, https:\/\/dyysg.fi\/sivut\/wp-content\/uploads\/2018-joulukuu-luentoa-768x509.jpg 768w, https:\/\/dyysg.fi\/sivut\/wp-content\/uploads\/2018-joulukuu-luentoa-900x600.jpg 900w\" sizes=\"auto, (max-width: 296px) 100vw, 296px\" \/><img loading=\"lazy\" decoding=\"async\" class=\"alignnone  wp-image-586\" src=\"http:\/\/dyysg.fi\/sivut\/wp-content\/uploads\/2018-joulukuu.jpg\" alt=\"\" width=\"552\" height=\"366\" srcset=\"https:\/\/dyysg.fi\/sivut\/wp-content\/uploads\/2018-joulukuu.jpg 1765w, https:\/\/dyysg.fi\/sivut\/wp-content\/uploads\/2018-joulukuu-1000x663.jpg 1000w, https:\/\/dyysg.fi\/sivut\/wp-content\/uploads\/2018-joulukuu-768x509.jpg 768w\" sizes=\"auto, (max-width: 552px) 100vw, 552px\" \/><\/p>\n<h1>2017<\/h1>\n<div id='gallery-1' class='gallery galleryid-182 gallery-columns-3 gallery-size-medium'><figure class='gallery-item'>\n\t\t\t<div class='gallery-icon portrait'>\n\t\t\t\t<a href='https:\/\/dyysg.fi\/sivut\/index.php\/dao-yin-yang-shen-gong-esittely\/zgd-kasvo\/'><img loading=\"lazy\" decoding=\"async\" width=\"223\" height=\"300\" src=\"https:\/\/dyysg.fi\/sivut\/wp-content\/uploads\/2017\/11\/zgd-kasvo-223x300.jpg\" class=\"attachment-medium size-medium\" alt=\"\" aria-describedby=\"gallery-1-33\" srcset=\"https:\/\/dyysg.fi\/sivut\/wp-content\/uploads\/2017\/11\/zgd-kasvo-223x300.jpg 223w, https:\/\/dyysg.fi\/sivut\/wp-content\/uploads\/2017\/11\/zgd-kasvo.jpg 744w\" sizes=\"auto, (max-width: 223px) 100vw, 223px\" \/><\/a>\n\t\t\t<\/div>\n\t\t\t\t<figcaption class='wp-caption-text gallery-caption' id='gallery-1-33'>\n\t\t\t\tProfessori Zhang Guang De\n\t\t\t\t<\/figcaption><\/figure><figure class='gallery-item'>\n\t\t\t<div class='gallery-icon landscape'>\n\t\t\t\t<a href='https:\/\/dyysg.fi\/sivut\/index.php\/dao-yin-yang-shen-gong-esittely\/zhangguangde\/'><img loading=\"lazy\" decoding=\"async\" width=\"300\" height=\"233\" src=\"https:\/\/dyysg.fi\/sivut\/wp-content\/uploads\/2017\/11\/ZhangGuangDe-300x233.jpg\" class=\"attachment-medium size-medium\" alt=\"\" aria-describedby=\"gallery-1-31\" srcset=\"https:\/\/dyysg.fi\/sivut\/wp-content\/uploads\/2017\/11\/ZhangGuangDe-300x233.jpg 300w, https:\/\/dyysg.fi\/sivut\/wp-content\/uploads\/2017\/11\/ZhangGuangDe.jpg 394w\" sizes=\"auto, (max-width: 300px) 100vw, 300px\" \/><\/a>\n\t\t\t<\/div>\n\t\t\t\t<figcaption class='wp-caption-text gallery-caption' id='gallery-1-31'>\n\t\t\t\tProfessori Zhang Guang De ja nukkuva buddha\n\t\t\t\t<\/figcaption><\/figure><figure class='gallery-item'>\n\t\t\t<div class='gallery-icon portrait'>\n\t\t\t\t<a href='https:\/\/dyysg.fi\/sivut\/zhuang\/'><img loading=\"lazy\" decoding=\"async\" width=\"199\" height=\"300\" src=\"https:\/\/dyysg.fi\/sivut\/wp-content\/uploads\/2017\/11\/zhuang-199x300.jpg\" class=\"attachment-medium size-medium\" alt=\"\" aria-describedby=\"gallery-1-34\" srcset=\"https:\/\/dyysg.fi\/sivut\/wp-content\/uploads\/2017\/11\/zhuang-199x300.jpg 199w, https:\/\/dyysg.fi\/sivut\/wp-content\/uploads\/2017\/11\/zhuang.jpg 663w\" sizes=\"auto, (max-width: 199px) 100vw, 199px\" \/><\/a>\n\t\t\t<\/div>\n\t\t\t\t<figcaption class='wp-caption-text gallery-caption' id='gallery-1-34'>\n\t\t\t\tZhuang YongChang\n\t\t\t\t<\/figcaption><\/figure><figure class='gallery-item'>\n\t\t\t<div class='gallery-icon landscape'>\n\t\t\t\t<a href='https:\/\/dyysg.fi\/sivut\/index.php\/2017\/11\/12\/liiton-perustamishistoriaa-osa-3-zhuang-yongchang-leiri-ja-dyysgfi-liiton-perustaminen\/fb_dsc_5334_l\/'><img loading=\"lazy\" decoding=\"async\" width=\"2000\" height=\"1159\" src=\"https:\/\/dyysg.fi\/sivut\/wp-content\/uploads\/fb_DSC_5334_l-2000x1159.jpg\" class=\"attachment-medium size-medium\" alt=\"\" aria-describedby=\"gallery-1-171\" srcset=\"https:\/\/dyysg.fi\/sivut\/wp-content\/uploads\/fb_DSC_5334_l-2000x1159.jpg 2000w, https:\/\/dyysg.fi\/sivut\/wp-content\/uploads\/fb_DSC_5334_l-1000x579.jpg 1000w, https:\/\/dyysg.fi\/sivut\/wp-content\/uploads\/fb_DSC_5334_l-768x445.jpg 768w\" sizes=\"auto, (max-width: 2000px) 100vw, 2000px\" \/><\/a>\n\t\t\t<\/div>\n\t\t\t\t<figcaption class='wp-caption-text gallery-caption' id='gallery-1-171'>\n\t\t\t\tElokuu 2017 leirin lopetus\n\t\t\t\t<\/figcaption><\/figure><figure class='gallery-item'>\n\t\t\t<div class='gallery-icon landscape'>\n\t\t\t\t<a href='https:\/\/dyysg.fi\/sivut\/index.php\/2017\/11\/12\/liiton-perustamishistoriaa-osa-3-zhuang-yongchang-leiri-ja-dyysgfi-liiton-perustaminen\/fb_dsc_5226_l\/'><img loading=\"lazy\" decoding=\"async\" width=\"2000\" height=\"921\" src=\"https:\/\/dyysg.fi\/sivut\/wp-content\/uploads\/fb_DSC_5226_l-2000x921.jpg\" class=\"attachment-medium size-medium\" alt=\"\" aria-describedby=\"gallery-1-169\" srcset=\"https:\/\/dyysg.fi\/sivut\/wp-content\/uploads\/fb_DSC_5226_l-2000x921.jpg 2000w, https:\/\/dyysg.fi\/sivut\/wp-content\/uploads\/fb_DSC_5226_l-1000x460.jpg 1000w, https:\/\/dyysg.fi\/sivut\/wp-content\/uploads\/fb_DSC_5226_l-768x354.jpg 768w\" sizes=\"auto, (max-width: 2000px) 100vw, 2000px\" \/><\/a>\n\t\t\t<\/div>\n\t\t\t\t<figcaption class='wp-caption-text gallery-caption' id='gallery-1-169'>\n\t\t\t\tElokuu 2017 leirin lauantai-ilta Koitelissa\n\t\t\t\t<\/figcaption><\/figure><figure class='gallery-item'>\n\t\t\t<div class='gallery-icon landscape'>\n\t\t\t\t<a href='https:\/\/dyysg.fi\/sivut\/index.php\/2017\/11\/12\/liiton-perustamishistoriaa-osa-3-zhuang-yongchang-leiri-ja-dyysgfi-liiton-perustaminen\/fb_d_dsc_5459_l\/'><img loading=\"lazy\" decoding=\"async\" width=\"2000\" height=\"1056\" src=\"https:\/\/dyysg.fi\/sivut\/wp-content\/uploads\/fb_d_DSC_5459_l-2000x1056.jpg\" class=\"attachment-medium size-medium\" alt=\"\" aria-describedby=\"gallery-1-168\" srcset=\"https:\/\/dyysg.fi\/sivut\/wp-content\/uploads\/fb_d_DSC_5459_l-2000x1056.jpg 2000w, https:\/\/dyysg.fi\/sivut\/wp-content\/uploads\/fb_d_DSC_5459_l-1000x528.jpg 1000w, https:\/\/dyysg.fi\/sivut\/wp-content\/uploads\/fb_d_DSC_5459_l-768x406.jpg 768w\" sizes=\"auto, (max-width: 2000px) 100vw, 2000px\" \/><\/a>\n\t\t\t<\/div>\n\t\t\t\t<figcaption class='wp-caption-text gallery-caption' id='gallery-1-168'>\n\t\t\t\tPerustajaj\u00e4senet 27.8.2017\n\t\t\t\t<\/figcaption><\/figure>\n\t\t<\/div>\n\n<figure id=\"attachment_571\" aria-describedby=\"caption-attachment-571\" style=\"width: 1232px\" class=\"wp-caption alignnone\"><img loading=\"lazy\" decoding=\"async\" class=\"wp-image-571 size-full\" src=\"http:\/\/dyysg.fi\/sivut\/wp-content\/uploads\/2017_marraskuu_munuaiset.jpg\" alt=\"\" width=\"1232\" height=\"816\" srcset=\"https:\/\/dyysg.fi\/sivut\/wp-content\/uploads\/2017_marraskuu_munuaiset.jpg 1232w, https:\/\/dyysg.fi\/sivut\/wp-content\/uploads\/2017_marraskuu_munuaiset-1000x662.jpg 1000w, https:\/\/dyysg.fi\/sivut\/wp-content\/uploads\/2017_marraskuu_munuaiset-768x509.jpg 768w\" sizes=\"auto, (max-width: 1232px) 100vw, 1232px\" \/><figcaption id=\"caption-attachment-571\" class=\"wp-caption-text\">2017 marraskuu. Talvileiri- munuaiset. Ensimm\u00e4inen liiton j\u00e4rjest\u00e4m\u00e4 vuodenaika leiri liiton perustamisen j\u00e4lkeen. Leirin iloinen p\u00e4\u00e4t\u00f6skuva.<\/figcaption><\/figure>\n","protected":false},"excerpt":{"rendered":"<p>2019 \u00a0 \u00a0 \u00a0 \u00a0 2018 Liiton ensimm\u00e4inen opintomatka Pekingin urheilu yliopistoon \u00a0 \u00a0 2017<\/p>\n","protected":false},"author":3,"featured_media":0,"parent":0,"menu_order":0,"comment_status":"closed","ping_status":"closed","template":"","meta":{"footnotes":""},"class_list":["post-182","page","type-page","status-publish","hentry"],"_links":{"self":[{"href":"https:\/\/dyysg.fi\/sivut\/index.php\/wp-json\/wp\/v2\/pages\/182","targetHints":{"allow":["GET"]}}],"collection":[{"href":"https:\/\/dyysg.fi\/sivut\/index.php\/wp-json\/wp\/v2\/pages"}],"about":[{"href":"https:\/\/dyysg.fi\/sivut\/index.php\/wp-json\/wp\/v2\/types\/page"}],"author":[{"embeddable":true,"href":"https:\/\/dyysg.fi\/sivut\/index.php\/wp-json\/wp\/v2\/users\/3"}],"replies":[{"embeddable":true,"href":"https:\/\/dyysg.fi\/sivut\/index.php\/wp-json\/wp\/v2\/comments?post=182"}],"version-history":[{"count":12,"href":"https:\/\/dyysg.fi\/sivut\/index.php\/wp-json\/wp\/v2\/pages\/182\/revisions"}],"predecessor-version":[{"id":973,"href":"https:\/\/dyysg.fi\/sivut\/index.php\/wp-json\/wp\/v2\/pages\/182\/revisions\/973"}],"wp:attachment":[{"href":"https:\/\/dyysg.fi\/sivut\/index.php\/wp-json\/wp\/v2\/media?parent=182"}],"curies":[{"name":"wp","href":"https:\/\/api.w.org\/{rel}","templated":true}]}}